{"id":2163,"date":"2022-07-27T16:06:18","date_gmt":"2022-07-27T21:06:18","guid":{"rendered":"https:\/\/maas-farms.com\/?page_id=2163"},"modified":"2022-08-10T19:03:35","modified_gmt":"2022-08-11T00:03:35","slug":"locations","status":"publish","type":"page","link":"https:\/\/maas-farms.com\/es\/locations\/","title":{"rendered":"Ubicaciones"},"content":{"rendered":"<div data-elementor-type=\"wp-page\" data-elementor-id=\"2163\" class=\"elementor elementor-2163\" data-elementor-post-type=\"page\">\n\t\t\t\t\t\t<section class=\"elementor-section elementor-top-section elementor-element elementor-element-3ce26ad elementor-section-boxed elementor-section-height-default elementor-section-height-default\" data-id=\"3ce26ad\" data-element_type=\"section\" data-e-type=\"section\" data-settings=\"{&quot;background_background&quot;:&quot;classic&quot;,&quot;shape_divider_bottom&quot;:&quot;curve&quot;,&quot;shape_divider_bottom_negative&quot;:&quot;yes&quot;}\">\n\t\t\t\t\t\t\t<div class=\"elementor-background-overlay\"><\/div>\n\t\t\t\t\t\t<div class=\"elementor-shape elementor-shape-bottom\" aria-hidden=\"true\" data-negative=\"true\">\n\t\t\t<svg xmlns=\"http:\/\/www.w3.org\/2000\/svg\" viewbox=\"0 0 1000 100\" preserveaspectratio=\"none\">\n\t<path class=\"elementor-shape-fill\" d=\"M500,97C126.7,96.3,0.8,19.8,0,0v100l1000,0V1C1000,19.4,873.3,97.8,500,97z\"\/>\n<\/svg>\t\t<\/div>\n\t\t\t\t\t<div class=\"elementor-container elementor-column-gap-no\">\n\t\t\t\t\t<div class=\"elementor-column elementor-col-100 elementor-top-column elementor-element elementor-element-a15c34b\" data-id=\"a15c34b\" data-element_type=\"column\" data-e-type=\"column\">\n\t\t\t<div class=\"elementor-widget-wrap elementor-element-populated\">\n\t\t\t\t\t\t<div class=\"elementor-element elementor-element-293b176 elementor-invisible elementor-widget elementor-widget-heading\" data-id=\"293b176\" data-element_type=\"widget\" data-e-type=\"widget\" data-settings=\"{&quot;_animation&quot;:&quot;fadeInDown&quot;}\" data-widget_type=\"heading.default\">\n\t\t\t\t<div class=\"elementor-widget-container\">\n\t\t\t\t\t<h1 class=\"elementor-heading-title elementor-size-default\">Ubicaciones<\/h1>\t\t\t\t<\/div>\n\t\t\t\t<\/div>\n\t\t\t\t<div class=\"elementor-element elementor-element-9f855fb elementor-invisible elementor-widget elementor-widget-text-editor\" data-id=\"9f855fb\" data-element_type=\"widget\" data-e-type=\"widget\" data-settings=\"{&quot;_animation&quot;:&quot;fadeIn&quot;,&quot;_animation_delay&quot;:150}\" data-widget_type=\"text-editor.default\">\n\t\t\t\t<div class=\"elementor-widget-container\">\n\t\t\t\t\t\t\t\t\tProveemos al mercado internacional de productos hort\u00edcolas especializados con altos est\u00e1ndares de calidad, con sustentabilidad y desarrollo integral.\t\t\t\t\t\t\t\t<\/div>\n\t\t\t\t<\/div>\n\t\t\t\t\t<\/div>\n\t\t<\/div>\n\t\t\t\t\t<\/div>\n\t\t<\/section>\n\t\t\t\t<section class=\"elementor-section elementor-top-section elementor-element elementor-element-128c1ba elementor-section-boxed elementor-section-height-default elementor-section-height-default\" data-id=\"128c1ba\" data-element_type=\"section\" data-e-type=\"section\" id=\"locations\" data-settings=\"{&quot;background_background&quot;:&quot;classic&quot;}\">\n\t\t\t\t\t\t<div class=\"elementor-container elementor-column-gap-no\">\n\t\t\t\t\t<div class=\"elementor-column elementor-col-100 elementor-top-column elementor-element elementor-element-12067d1\" data-id=\"12067d1\" data-element_type=\"column\" data-e-type=\"column\">\n\t\t\t<div class=\"elementor-widget-wrap elementor-element-populated\">\n\t\t\t\t\t\t<section class=\"elementor-section elementor-inner-section elementor-element elementor-element-d49832b elementor-section-boxed elementor-section-height-default elementor-section-height-default\" data-id=\"d49832b\" data-element_type=\"section\" data-e-type=\"section\">\n\t\t\t\t\t\t<div class=\"elementor-container elementor-column-gap-no\">\n\t\t\t\t\t<div class=\"elementor-column elementor-col-100 elementor-inner-column elementor-element elementor-element-9b10479\" data-id=\"9b10479\" data-element_type=\"column\" data-e-type=\"column\">\n\t\t\t<div class=\"elementor-widget-wrap elementor-element-populated\">\n\t\t\t\t\t\t<div class=\"elementor-element elementor-element-d2c9793 elementor-invisible elementor-widget elementor-widget-heading\" data-id=\"d2c9793\" data-element_type=\"widget\" data-e-type=\"widget\" data-settings=\"{&quot;_animation&quot;:&quot;fadeIn&quot;}\" data-widget_type=\"heading.default\">\n\t\t\t\t<div class=\"elementor-widget-container\">\n\t\t\t\t\t<h2 class=\"elementor-heading-title elementor-size-default\">Ubicaciones <\/h2>\t\t\t\t<\/div>\n\t\t\t\t<\/div>\n\t\t\t\t<div class=\"elementor-element elementor-element-e860794 elementor-widget elementor-widget-text-editor\" data-id=\"e860794\" data-element_type=\"widget\" data-e-type=\"widget\" data-widget_type=\"text-editor.default\">\n\t\t\t\t<div class=\"elementor-widget-container\">\n\t\t\t\t\t\t\t\t\tActualmente contamos con unidades productivas en los estados de: Guanajuato, Michoac\u00e1n y Jalisco en MEXICO. Contando con ubicaciones estrat\u00e9gicas para su distribuci\u00f3n a todo Norte Am\u00e9rica cruzando por los puntos aduanales m\u00e1s relevantes de EUA como lo son McAllen, Nogales y Laredo.\n\t\t\t\t\t\t\t\t<\/div>\n\t\t\t\t<\/div>\n\t\t\t\t<div class=\"elementor-element elementor-element-4042f03 elementor-widget elementor-widget-image\" data-id=\"4042f03\" data-element_type=\"widget\" data-e-type=\"widget\" data-widget_type=\"image.default\">\n\t\t\t\t<div class=\"elementor-widget-container\">\n\t\t\t\t\t\t\t\t\t\t\t\t\t\t\t<img fetchpriority=\"high\" decoding=\"async\" width=\"517\" height=\"461\" src=\"https:\/\/maas-farms.com\/wp-content\/uploads\/2022\/08\/Tomatoes-on-the-vine-TOV1.jpg\" class=\"attachment-full size-full wp-image-2489\" alt=\"\" srcset=\"https:\/\/maas-farms.com\/wp-content\/uploads\/2022\/08\/Tomatoes-on-the-vine-TOV1.jpg 517w, https:\/\/maas-farms.com\/wp-content\/uploads\/2022\/08\/Tomatoes-on-the-vine-TOV1-300x268.jpg 300w\" sizes=\"(max-width: 517px) 100vw, 517px\" \/>\t\t\t\t\t\t\t\t\t\t\t\t\t\t\t<\/div>\n\t\t\t\t<\/div>\n\t\t\t\t\t<\/div>\n\t\t<\/div>\n\t\t\t\t\t<\/div>\n\t\t<\/section>\n\t\t\t\t\t<\/div>\n\t\t<\/div>\n\t\t\t\t\t<\/div>\n\t\t<\/section>\n\t\t\t\t<\/div>","protected":false},"excerpt":{"rendered":"<p>Locations We provide the international market with specialized horticultural products meeting high quality standards, with sustainability and comprehensive development. Locations We currently have green houses in the states of: Guanajuato, Michoac\u00e1n and Jalisco in MEXICO. Counting with strategic locations for distribution throughout all North America, crossing through the most relevant customs points in the US [&hellip;]<\/p>\n","protected":false},"author":1,"featured_media":0,"parent":0,"menu_order":0,"comment_status":"closed","ping_status":"closed","template":"","meta":{"site-sidebar-layout":"no-sidebar","site-content-layout":"page-builder","ast-site-content-layout":"default","site-content-style":"default","site-sidebar-style":"default","ast-global-header-display":"","ast-banner-title-visibility":"","ast-main-header-display":"","ast-hfb-above-header-display":"","ast-hfb-below-header-display":"","ast-hfb-mobile-header-display":"","site-post-title":"disabled","ast-breadcrumbs-content":"disabled","ast-featured-img":"disabled","footer-sml-layout":"","ast-disable-related-posts":"","theme-transparent-header-meta":"enabled","adv-header-id-meta":"","stick-header-meta":"","header-above-stick-meta":"","header-main-stick-meta":"","header-below-stick-meta":"","astra-migrate-meta-layouts":"default","ast-page-background-enabled":"default","ast-page-background-meta":{"desktop":{"background-color":"","background-image":"","background-repeat":"repeat","background-position":"center center","background-size":"auto","background-attachment":"scroll","background-type":"","background-media":"","overlay-type":"","overlay-color":"","overlay-opacity":"","overlay-gradient":""},"tablet":{"background-color":"","background-image":"","background-repeat":"repeat","background-position":"center center","background-size":"auto","background-attachment":"scroll","background-type":"","background-media":"","overlay-type":"","overlay-color":"","overlay-opacity":"","overlay-gradient":""},"mobile":{"background-color":"","background-image":"","background-repeat":"repeat","background-position":"center center","background-size":"auto","background-attachment":"scroll","background-type":"","background-media":"","overlay-type":"","overlay-color":"","overlay-opacity":"","overlay-gradient":""}},"ast-content-background-meta":{"desktop":{"background-color":"var(--ast-global-color-5)","background-image":"","background-repeat":"repeat","background-position":"center center","background-size":"auto","background-attachment":"scroll","background-type":"","background-media":"","overlay-type":"","overlay-color":"","overlay-opacity":"","overlay-gradient":""},"tablet":{"background-color":"var(--ast-global-color-5)","background-image":"","background-repeat":"repeat","background-position":"center center","background-size":"auto","background-attachment":"scroll","background-type":"","background-media":"","overlay-type":"","overlay-color":"","overlay-opacity":"","overlay-gradient":""},"mobile":{"background-color":"var(--ast-global-color-5)","background-image":"","background-repeat":"repeat","background-position":"center center","background-size":"auto","background-attachment":"scroll","background-type":"","background-media":"","overlay-type":"","overlay-color":"","overlay-opacity":"","overlay-gradient":""}},"footnotes":""},"class_list":["post-2163","page","type-page","status-publish","hentry"],"yoast_head":"<!-- This site is optimized with the Yoast SEO plugin v27.3 - https:\/\/yoast.com\/product\/yoast-seo-wordpress\/ -->\n<title>Locations - Maas Farms<\/title>\n<meta name=\"robots\" content=\"index, follow, max-snippet:-1, max-image-preview:large, max-video-preview:-1\" \/>\n<link rel=\"canonical\" href=\"https:\/\/maas-farms.com\/es\/locations\/\" \/>\n<meta property=\"og:locale\" content=\"es_MX\" \/>\n<meta property=\"og:type\" content=\"article\" \/>\n<meta property=\"og:title\" content=\"Locations - Maas Farms\" \/>\n<meta property=\"og:description\" content=\"Locations We provide the international market with specialized horticultural products meeting high quality standards, with sustainability and comprehensive development. Locations We currently have green houses in the states of: Guanajuato, Michoac\u00e1n and Jalisco in MEXICO. Counting with strategic locations for distribution throughout all North America, crossing through the most relevant customs points in the US [&hellip;]\" \/>\n<meta property=\"og:url\" content=\"https:\/\/maas-farms.com\/es\/locations\/\" \/>\n<meta property=\"og:site_name\" content=\"Maas Farms\" \/>\n<meta property=\"article:modified_time\" content=\"2022-08-11T00:03:35+00:00\" \/>\n<meta property=\"og:image\" content=\"https:\/\/maas-farms.com\/farms2022\/wp-content\/uploads\/2022\/08\/Tomatoes-on-the-vine-TOV1.jpg\" \/>\n<meta name=\"twitter:card\" content=\"summary_large_image\" \/>\n<meta name=\"twitter:label1\" content=\"Tiempo de lectura\" \/>\n\t<meta name=\"twitter:data1\" content=\"1 minuto\" \/>\n<script type=\"application\/ld+json\" class=\"yoast-schema-graph\">{\"@context\":\"https:\\\/\\\/schema.org\",\"@graph\":[{\"@type\":\"WebPage\",\"@id\":\"https:\\\/\\\/maas-farms.com\\\/locations\\\/\",\"url\":\"https:\\\/\\\/maas-farms.com\\\/locations\\\/\",\"name\":\"Locations - Maas Farms\",\"isPartOf\":{\"@id\":\"https:\\\/\\\/maas-farms.com\\\/#website\"},\"primaryImageOfPage\":{\"@id\":\"https:\\\/\\\/maas-farms.com\\\/locations\\\/#primaryimage\"},\"image\":{\"@id\":\"https:\\\/\\\/maas-farms.com\\\/locations\\\/#primaryimage\"},\"thumbnailUrl\":\"https:\\\/\\\/maas-farms.com\\\/farms2022\\\/wp-content\\\/uploads\\\/2022\\\/08\\\/Tomatoes-on-the-vine-TOV1.jpg\",\"datePublished\":\"2022-07-27T21:06:18+00:00\",\"dateModified\":\"2022-08-11T00:03:35+00:00\",\"breadcrumb\":{\"@id\":\"https:\\\/\\\/maas-farms.com\\\/locations\\\/#breadcrumb\"},\"inLanguage\":\"es\",\"potentialAction\":[{\"@type\":\"ReadAction\",\"target\":[\"https:\\\/\\\/maas-farms.com\\\/locations\\\/\"]}]},{\"@type\":\"ImageObject\",\"inLanguage\":\"es\",\"@id\":\"https:\\\/\\\/maas-farms.com\\\/locations\\\/#primaryimage\",\"url\":\"https:\\\/\\\/maas-farms.com\\\/farms2022\\\/wp-content\\\/uploads\\\/2022\\\/08\\\/Tomatoes-on-the-vine-TOV1.jpg\",\"contentUrl\":\"https:\\\/\\\/maas-farms.com\\\/farms2022\\\/wp-content\\\/uploads\\\/2022\\\/08\\\/Tomatoes-on-the-vine-TOV1.jpg\"},{\"@type\":\"BreadcrumbList\",\"@id\":\"https:\\\/\\\/maas-farms.com\\\/locations\\\/#breadcrumb\",\"itemListElement\":[{\"@type\":\"ListItem\",\"position\":1,\"name\":\"Portada\",\"item\":\"https:\\\/\\\/maas-farms.com\\\/\"},{\"@type\":\"ListItem\",\"position\":2,\"name\":\"Locations\"}]},{\"@type\":\"WebSite\",\"@id\":\"https:\\\/\\\/maas-farms.com\\\/#website\",\"url\":\"https:\\\/\\\/maas-farms.com\\\/\",\"name\":\"Maas Farms\",\"description\":\"Cucumbers &amp; Tomatoes\",\"publisher\":{\"@id\":\"https:\\\/\\\/maas-farms.com\\\/#organization\"},\"potentialAction\":[{\"@type\":\"SearchAction\",\"target\":{\"@type\":\"EntryPoint\",\"urlTemplate\":\"https:\\\/\\\/maas-farms.com\\\/?s={search_term_string}\"},\"query-input\":{\"@type\":\"PropertyValueSpecification\",\"valueRequired\":true,\"valueName\":\"search_term_string\"}}],\"inLanguage\":\"es\"},{\"@type\":\"Organization\",\"@id\":\"https:\\\/\\\/maas-farms.com\\\/#organization\",\"name\":\"Maas Farms\",\"url\":\"https:\\\/\\\/maas-farms.com\\\/\",\"logo\":{\"@type\":\"ImageObject\",\"inLanguage\":\"es\",\"@id\":\"https:\\\/\\\/maas-farms.com\\\/#\\\/schema\\\/logo\\\/image\\\/\",\"url\":\"https:\\\/\\\/maas-farms.com\\\/farms2022\\\/wp-content\\\/uploads\\\/2022\\\/07\\\/Maas-Farms-logo-2.png\",\"contentUrl\":\"https:\\\/\\\/maas-farms.com\\\/farms2022\\\/wp-content\\\/uploads\\\/2022\\\/07\\\/Maas-Farms-logo-2.png\",\"width\":275,\"height\":127,\"caption\":\"Maas Farms\"},\"image\":{\"@id\":\"https:\\\/\\\/maas-farms.com\\\/#\\\/schema\\\/logo\\\/image\\\/\"}}]}<\/script>\n<!-- \/ Yoast SEO plugin. -->","yoast_head_json":{"title":"Locations - Maas Farms","robots":{"index":"index","follow":"follow","max-snippet":"max-snippet:-1","max-image-preview":"max-image-preview:large","max-video-preview":"max-video-preview:-1"},"canonical":"https:\/\/maas-farms.com\/es\/locations\/","og_locale":"es_MX","og_type":"article","og_title":"Locations - Maas Farms","og_description":"Locations We provide the international market with specialized horticultural products meeting high quality standards, with sustainability and comprehensive development. Locations We currently have green houses in the states of: Guanajuato, Michoac\u00e1n and Jalisco in MEXICO. Counting with strategic locations for distribution throughout all North America, crossing through the most relevant customs points in the US [&hellip;]","og_url":"https:\/\/maas-farms.com\/es\/locations\/","og_site_name":"Maas Farms","article_modified_time":"2022-08-11T00:03:35+00:00","og_image":[{"url":"https:\/\/maas-farms.com\/farms2022\/wp-content\/uploads\/2022\/08\/Tomatoes-on-the-vine-TOV1.jpg","type":"","width":"","height":""}],"twitter_card":"summary_large_image","twitter_misc":{"Tiempo de lectura":"1 minuto"},"schema":{"@context":"https:\/\/schema.org","@graph":[{"@type":"WebPage","@id":"https:\/\/maas-farms.com\/locations\/","url":"https:\/\/maas-farms.com\/locations\/","name":"Locations - Maas Farms","isPartOf":{"@id":"https:\/\/maas-farms.com\/#website"},"primaryImageOfPage":{"@id":"https:\/\/maas-farms.com\/locations\/#primaryimage"},"image":{"@id":"https:\/\/maas-farms.com\/locations\/#primaryimage"},"thumbnailUrl":"https:\/\/maas-farms.com\/farms2022\/wp-content\/uploads\/2022\/08\/Tomatoes-on-the-vine-TOV1.jpg","datePublished":"2022-07-27T21:06:18+00:00","dateModified":"2022-08-11T00:03:35+00:00","breadcrumb":{"@id":"https:\/\/maas-farms.com\/locations\/#breadcrumb"},"inLanguage":"es","potentialAction":[{"@type":"ReadAction","target":["https:\/\/maas-farms.com\/locations\/"]}]},{"@type":"ImageObject","inLanguage":"es","@id":"https:\/\/maas-farms.com\/locations\/#primaryimage","url":"https:\/\/maas-farms.com\/farms2022\/wp-content\/uploads\/2022\/08\/Tomatoes-on-the-vine-TOV1.jpg","contentUrl":"https:\/\/maas-farms.com\/farms2022\/wp-content\/uploads\/2022\/08\/Tomatoes-on-the-vine-TOV1.jpg"},{"@type":"BreadcrumbList","@id":"https:\/\/maas-farms.com\/locations\/#breadcrumb","itemListElement":[{"@type":"ListItem","position":1,"name":"Portada","item":"https:\/\/maas-farms.com\/"},{"@type":"ListItem","position":2,"name":"Locations"}]},{"@type":"WebSite","@id":"https:\/\/maas-farms.com\/#website","url":"https:\/\/maas-farms.com\/","name":"Maas Farms","description":"Cucumbers &amp; Tomatoes","publisher":{"@id":"https:\/\/maas-farms.com\/#organization"},"potentialAction":[{"@type":"SearchAction","target":{"@type":"EntryPoint","urlTemplate":"https:\/\/maas-farms.com\/?s={search_term_string}"},"query-input":{"@type":"PropertyValueSpecification","valueRequired":true,"valueName":"search_term_string"}}],"inLanguage":"es"},{"@type":"Organization","@id":"https:\/\/maas-farms.com\/#organization","name":"Maas Farms","url":"https:\/\/maas-farms.com\/","logo":{"@type":"ImageObject","inLanguage":"es","@id":"https:\/\/maas-farms.com\/#\/schema\/logo\/image\/","url":"https:\/\/maas-farms.com\/farms2022\/wp-content\/uploads\/2022\/07\/Maas-Farms-logo-2.png","contentUrl":"https:\/\/maas-farms.com\/farms2022\/wp-content\/uploads\/2022\/07\/Maas-Farms-logo-2.png","width":275,"height":127,"caption":"Maas Farms"},"image":{"@id":"https:\/\/maas-farms.com\/#\/schema\/logo\/image\/"}}]}},"_links":{"self":[{"href":"https:\/\/maas-farms.com\/es\/wp-json\/wp\/v2\/pages\/2163","targetHints":{"allow":["GET"]}}],"collection":[{"href":"https:\/\/maas-farms.com\/es\/wp-json\/wp\/v2\/pages"}],"about":[{"href":"https:\/\/maas-farms.com\/es\/wp-json\/wp\/v2\/types\/page"}],"author":[{"embeddable":true,"href":"https:\/\/maas-farms.com\/es\/wp-json\/wp\/v2\/users\/1"}],"replies":[{"embeddable":true,"href":"https:\/\/maas-farms.com\/es\/wp-json\/wp\/v2\/comments?post=2163"}],"version-history":[{"count":23,"href":"https:\/\/maas-farms.com\/es\/wp-json\/wp\/v2\/pages\/2163\/revisions"}],"predecessor-version":[{"id":2492,"href":"https:\/\/maas-farms.com\/es\/wp-json\/wp\/v2\/pages\/2163\/revisions\/2492"}],"wp:attachment":[{"href":"https:\/\/maas-farms.com\/es\/wp-json\/wp\/v2\/media?parent=2163"}],"curies":[{"name":"wp","href":"https:\/\/api.w.org\/{rel}","templated":true}]}}