{"id":2094,"date":"2022-07-27T14:49:48","date_gmt":"2022-07-27T19:49:48","guid":{"rendered":"https:\/\/maas-farms.com\/?page_id=2094"},"modified":"2022-08-05T19:12:15","modified_gmt":"2022-08-06T00:12:15","slug":"philosophy","status":"publish","type":"page","link":"https:\/\/maas-farms.com\/es\/philosophy\/","title":{"rendered":"Filosof\u00eda"},"content":{"rendered":"<div data-elementor-type=\"wp-page\" data-elementor-id=\"2094\" class=\"elementor elementor-2094\" data-elementor-post-type=\"page\">\n\t\t\t\t\t\t<section class=\"elementor-section elementor-top-section elementor-element elementor-element-3ce26ad elementor-section-boxed elementor-section-height-default elementor-section-height-default\" data-id=\"3ce26ad\" data-element_type=\"section\" data-e-type=\"section\" data-settings=\"{&quot;background_background&quot;:&quot;classic&quot;,&quot;shape_divider_bottom&quot;:&quot;curve&quot;,&quot;shape_divider_bottom_negative&quot;:&quot;yes&quot;}\">\n\t\t\t\t\t\t\t<div class=\"elementor-background-overlay\"><\/div>\n\t\t\t\t\t\t<div class=\"elementor-shape elementor-shape-bottom\" aria-hidden=\"true\" data-negative=\"true\">\n\t\t\t<svg xmlns=\"http:\/\/www.w3.org\/2000\/svg\" viewbox=\"0 0 1000 100\" preserveaspectratio=\"none\">\n\t<path class=\"elementor-shape-fill\" d=\"M500,97C126.7,96.3,0.8,19.8,0,0v100l1000,0V1C1000,19.4,873.3,97.8,500,97z\"\/>\n<\/svg>\t\t<\/div>\n\t\t\t\t\t<div class=\"elementor-container elementor-column-gap-no\">\n\t\t\t\t\t<div class=\"elementor-column elementor-col-100 elementor-top-column elementor-element elementor-element-a15c34b\" data-id=\"a15c34b\" data-element_type=\"column\" data-e-type=\"column\">\n\t\t\t<div class=\"elementor-widget-wrap elementor-element-populated\">\n\t\t\t\t\t\t<div class=\"elementor-element elementor-element-293b176 elementor-invisible elementor-widget elementor-widget-heading\" data-id=\"293b176\" data-element_type=\"widget\" data-e-type=\"widget\" data-settings=\"{&quot;_animation&quot;:&quot;fadeInDown&quot;}\" data-widget_type=\"heading.default\">\n\t\t\t\t<div class=\"elementor-widget-container\">\n\t\t\t\t\t<h1 class=\"elementor-heading-title elementor-size-default\">FILOSOF\u00cdA<\/h1>\t\t\t\t<\/div>\n\t\t\t\t<\/div>\n\t\t\t\t<div class=\"elementor-element elementor-element-9f855fb elementor-invisible elementor-widget elementor-widget-text-editor\" data-id=\"9f855fb\" data-element_type=\"widget\" data-e-type=\"widget\" data-settings=\"{&quot;_animation&quot;:&quot;fadeIn&quot;,&quot;_animation_delay&quot;:150}\" data-widget_type=\"text-editor.default\">\n\t\t\t\t<div class=\"elementor-widget-container\">\n\t\t\t\t\t\t\t\t\tProveemos al mercado internacional de productos hort\u00edcolas especializados con altos est\u00e1ndares de calidad, con sustentabilidad y desarrollo integral.\t\t\t\t\t\t\t\t<\/div>\n\t\t\t\t<\/div>\n\t\t\t\t\t<\/div>\n\t\t<\/div>\n\t\t\t\t\t<\/div>\n\t\t<\/section>\n\t\t\t\t<section class=\"elementor-section elementor-top-section elementor-element elementor-element-05fb566 elementor-section-boxed elementor-section-height-default elementor-section-height-default\" data-id=\"05fb566\" data-element_type=\"section\" data-e-type=\"section\" data-settings=\"{&quot;background_background&quot;:&quot;classic&quot;}\">\n\t\t\t\t\t\t<div class=\"elementor-container elementor-column-gap-no\">\n\t\t\t\t\t<div class=\"elementor-column elementor-col-50 elementor-top-column elementor-element elementor-element-451510b elementor-invisible\" data-id=\"451510b\" data-element_type=\"column\" data-e-type=\"column\" data-settings=\"{&quot;background_background&quot;:&quot;classic&quot;,&quot;animation&quot;:&quot;slideInLeft&quot;,&quot;animation_mobile&quot;:&quot;slideInUp&quot;}\">\n\t\t\t<div class=\"elementor-widget-wrap elementor-element-populated\">\n\t\t\t\t\t\t<div class=\"elementor-element elementor-element-affff17 elementor-widget elementor-widget-heading\" data-id=\"affff17\" data-element_type=\"widget\" data-e-type=\"widget\" id=\"philosophy\" data-widget_type=\"heading.default\">\n\t\t\t\t<div class=\"elementor-widget-container\">\n\t\t\t\t\t<h6 class=\"elementor-heading-title elementor-size-default\">Filosof\u00eda<\/h6>\t\t\t\t<\/div>\n\t\t\t\t<\/div>\n\t\t\t\t<div class=\"elementor-element elementor-element-c0b54b0 elementor-widget elementor-widget-heading\" data-id=\"c0b54b0\" data-element_type=\"widget\" data-e-type=\"widget\" data-widget_type=\"heading.default\">\n\t\t\t\t<div class=\"elementor-widget-container\">\n\t\t\t\t\t<h3 class=\"elementor-heading-title elementor-size-default\">Nuestra misi\u00f3n es <\/h3>\t\t\t\t<\/div>\n\t\t\t\t<\/div>\n\t\t\t\t<div class=\"elementor-element elementor-element-5c37248 elementor-widget elementor-widget-text-editor\" data-id=\"5c37248\" data-element_type=\"widget\" data-e-type=\"widget\" data-widget_type=\"text-editor.default\">\n\t\t\t\t<div class=\"elementor-widget-container\">\n\t\t\t\t\t\t\t\t\tProveer al mercado internacional productos hort\u00edcolas especializados cumpliendo altos est\u00e1ndares de calidad, con sustentabilidad y desarrollo integral.\t\t\t\t\t\t\t\t<\/div>\n\t\t\t\t<\/div>\n\t\t\t\t\t<\/div>\n\t\t<\/div>\n\t\t\t\t<div class=\"elementor-column elementor-col-50 elementor-top-column elementor-element elementor-element-5538f41 elementor-invisible\" data-id=\"5538f41\" data-element_type=\"column\" data-e-type=\"column\" data-settings=\"{&quot;background_background&quot;:&quot;classic&quot;,&quot;animation&quot;:&quot;slideInRight&quot;,&quot;animation_mobile&quot;:&quot;slideInUp&quot;}\">\n\t\t\t<div class=\"elementor-widget-wrap elementor-element-populated\">\n\t\t\t\t\t\t<div class=\"elementor-element elementor-element-922e127 elementor-widget elementor-widget-heading\" data-id=\"922e127\" data-element_type=\"widget\" data-e-type=\"widget\" data-widget_type=\"heading.default\">\n\t\t\t\t<div class=\"elementor-widget-container\">\n\t\t\t\t\t<h3 class=\"elementor-heading-title elementor-size-default\">Con la visi\u00f3n<\/h3>\t\t\t\t<\/div>\n\t\t\t\t<\/div>\n\t\t\t\t<div class=\"elementor-element elementor-element-14109cf elementor-widget elementor-widget-text-editor\" data-id=\"14109cf\" data-element_type=\"widget\" data-e-type=\"widget\" data-widget_type=\"text-editor.default\">\n\t\t\t\t<div class=\"elementor-widget-container\">\n\t\t\t\t\t\t\t\t\tSer la agr\u00edcola con la mejor calidad y con la mayor producci\u00f3n a nivel nacional, posicionando nuestra marca como proveedora de los mejores productos en el mercado y manejando nuestros recursos de manera integral para poder llevar nuestro producto justo a tiempo a nuestros consumidores. Adem\u00e1s de lograr ser l\u00edderes en la comercializaci\u00f3n a cadenas comerciales y de Restaurantes en Estados Unidos y Canad\u00e1.\t\t\t\t\t\t\t\t<\/div>\n\t\t\t\t<\/div>\n\t\t\t\t\t<\/div>\n\t\t<\/div>\n\t\t\t\t\t<\/div>\n\t\t<\/section>\n\t\t\t\t<section class=\"elementor-section elementor-top-section elementor-element elementor-element-cdbe120 elementor-section-boxed elementor-section-height-default elementor-section-height-default\" data-id=\"cdbe120\" data-element_type=\"section\" data-e-type=\"section\" data-settings=\"{&quot;background_background&quot;:&quot;classic&quot;}\">\n\t\t\t\t\t\t<div class=\"elementor-container elementor-column-gap-no\">\n\t\t\t\t\t<div class=\"elementor-column elementor-col-100 elementor-top-column elementor-element elementor-element-8961b52 elementor-invisible\" data-id=\"8961b52\" data-element_type=\"column\" data-e-type=\"column\" data-settings=\"{&quot;background_background&quot;:&quot;classic&quot;,&quot;animation&quot;:&quot;slideInUp&quot;}\">\n\t\t\t<div class=\"elementor-widget-wrap elementor-element-populated\">\n\t\t\t\t\t\t<div class=\"elementor-element elementor-element-a0e427c elementor-widget elementor-widget-heading\" data-id=\"a0e427c\" data-element_type=\"widget\" data-e-type=\"widget\" data-widget_type=\"heading.default\">\n\t\t\t\t<div class=\"elementor-widget-container\">\n\t\t\t\t\t<h6 class=\"elementor-heading-title elementor-size-default\">Filosof\u00eda<\/h6>\t\t\t\t<\/div>\n\t\t\t\t<\/div>\n\t\t\t\t<div class=\"elementor-element elementor-element-0500245 elementor-widget elementor-widget-heading\" data-id=\"0500245\" data-element_type=\"widget\" data-e-type=\"widget\" data-widget_type=\"heading.default\">\n\t\t\t\t<div class=\"elementor-widget-container\">\n\t\t\t\t\t<h3 class=\"elementor-heading-title elementor-size-default\">Gobernada por los valores de<\/h3>\t\t\t\t<\/div>\n\t\t\t\t<\/div>\n\t\t\t\t<div class=\"elementor-element elementor-element-6cff4d9 elementor-widget elementor-widget-text-editor\" data-id=\"6cff4d9\" data-element_type=\"widget\" data-e-type=\"widget\" data-widget_type=\"text-editor.default\">\n\t\t\t\t<div class=\"elementor-widget-container\">\n\t\t\t\t\t\t\t\t\t<ul><li><strong>Respeto:<\/strong> creemos y fomentamos el trato digno entre los colaboradores y nuestra organizaci\u00f3n, canalizando nuestras relaciones comerciales y laborales en base al respeto.<\/li><\/ul><ul><li><strong>Perseverancia:<\/strong> Somos un claro ejemplo de que la perseverancia nos lleva a alcanzar metas y generar capacidad de vivir en plenitud.<\/li><\/ul><ul><li><strong>Honestidad:<\/strong> fomentamos la capacidad de transparencia entre los individuos, estamos convencidos que las organizaciones regidas en base a la honestidad son mas exitosas.\u00a0<\/li><\/ul><ul><li><strong>Servicio:<\/strong>\u00a0nuestro compromiso es servir a nuestros clientes, colaboradores y sociedad en la que nos desarrollamos.<\/li><\/ul><ul><li><strong>Trabajo en equipo:<\/strong> al pertenecer a una sociedad sabemos que es imposible ser individualistas, mantenernos trabajando en equipo siempre genera mejores resultados.<\/li><\/ul><ul><li><strong>Fe:<\/strong> Creemos en DIOS y vivimos por y para Dios sirviendo al pr\u00f3jimo.<\/li><\/ul><ul><li><strong>Humildad:<\/strong> Reconocer nuestras debilidades, cualidades, capacidades y aprovecharlas para obrar en bien de los dem\u00e1s.<\/li><\/ul>\t\t\t\t\t\t\t\t<\/div>\n\t\t\t\t<\/div>\n\t\t\t\t\t<\/div>\n\t\t<\/div>\n\t\t\t\t\t<\/div>\n\t\t<\/section>\n\t\t\t\t<\/div>","protected":false},"excerpt":{"rendered":"<p>PHILOSOPHY We provide the international market with specialized horticultural products meeting high quality standards, with sustainability and comprehensive development. Philosophy Our Mission is To provide the international market with specialized horticultural products meeting high quality standards, with sustainability and comprehensive development. With the Vision To be the agricultural company with the best quality and with [&hellip;]<\/p>\n","protected":false},"author":1,"featured_media":0,"parent":0,"menu_order":0,"comment_status":"closed","ping_status":"closed","template":"","meta":{"site-sidebar-layout":"no-sidebar","site-content-layout":"page-builder","ast-site-content-layout":"default","site-content-style":"default","site-sidebar-style":"default","ast-global-header-display":"","ast-banner-title-visibility":"","ast-main-header-display":"","ast-hfb-above-header-display":"","ast-hfb-below-header-display":"","ast-hfb-mobile-header-display":"","site-post-title":"disabled","ast-breadcrumbs-content":"disabled","ast-featured-img":"disabled","footer-sml-layout":"","ast-disable-related-posts":"","theme-transparent-header-meta":"enabled","adv-header-id-meta":"","stick-header-meta":"","header-above-stick-meta":"","header-main-stick-meta":"","header-below-stick-meta":"","astra-migrate-meta-layouts":"default","ast-page-background-enabled":"default","ast-page-background-meta":{"desktop":{"background-color":"","background-image":"","background-repeat":"repeat","background-position":"center center","background-size":"auto","background-attachment":"scroll","background-type":"","background-media":"","overlay-type":"","overlay-color":"","overlay-opacity":"","overlay-gradient":""},"tablet":{"background-color":"","background-image":"","background-repeat":"repeat","background-position":"center center","background-size":"auto","background-attachment":"scroll","background-type":"","background-media":"","overlay-type":"","overlay-color":"","overlay-opacity":"","overlay-gradient":""},"mobile":{"background-color":"","background-image":"","background-repeat":"repeat","background-position":"center center","background-size":"auto","background-attachment":"scroll","background-type":"","background-media":"","overlay-type":"","overlay-color":"","overlay-opacity":"","overlay-gradient":""}},"ast-content-background-meta":{"desktop":{"background-color":"var(--ast-global-color-5)","background-image":"","background-repeat":"repeat","background-position":"center center","background-size":"auto","background-attachment":"scroll","background-type":"","background-media":"","overlay-type":"","overlay-color":"","overlay-opacity":"","overlay-gradient":""},"tablet":{"background-color":"var(--ast-global-color-5)","background-image":"","background-repeat":"repeat","background-position":"center center","background-size":"auto","background-attachment":"scroll","background-type":"","background-media":"","overlay-type":"","overlay-color":"","overlay-opacity":"","overlay-gradient":""},"mobile":{"background-color":"var(--ast-global-color-5)","background-image":"","background-repeat":"repeat","background-position":"center center","background-size":"auto","background-attachment":"scroll","background-type":"","background-media":"","overlay-type":"","overlay-color":"","overlay-opacity":"","overlay-gradient":""}},"footnotes":""},"class_list":["post-2094","page","type-page","status-publish","hentry"],"yoast_head":"<!-- This site is optimized with the Yoast SEO plugin v27.3 - https:\/\/yoast.com\/product\/yoast-seo-wordpress\/ -->\n<title>Philosophy - Maas Farms<\/title>\n<meta name=\"robots\" content=\"index, follow, max-snippet:-1, max-image-preview:large, max-video-preview:-1\" \/>\n<link rel=\"canonical\" href=\"https:\/\/maas-farms.com\/es\/philosophy\/\" \/>\n<meta property=\"og:locale\" content=\"es_MX\" \/>\n<meta property=\"og:type\" content=\"article\" \/>\n<meta property=\"og:title\" content=\"Philosophy - Maas Farms\" \/>\n<meta property=\"og:description\" content=\"PHILOSOPHY We provide the international market with specialized horticultural products meeting high quality standards, with sustainability and comprehensive development. Philosophy Our Mission is To provide the international market with specialized horticultural products meeting high quality standards, with sustainability and comprehensive development. With the Vision To be the agricultural company with the best quality and with [&hellip;]\" \/>\n<meta property=\"og:url\" content=\"https:\/\/maas-farms.com\/es\/philosophy\/\" \/>\n<meta property=\"og:site_name\" content=\"Maas Farms\" \/>\n<meta property=\"article:modified_time\" content=\"2022-08-06T00:12:15+00:00\" \/>\n<meta name=\"twitter:card\" content=\"summary_large_image\" \/>\n<meta name=\"twitter:label1\" content=\"Tiempo de lectura\" \/>\n\t<meta name=\"twitter:data1\" content=\"2 minutos\" \/>\n<script type=\"application\/ld+json\" class=\"yoast-schema-graph\">{\"@context\":\"https:\\\/\\\/schema.org\",\"@graph\":[{\"@type\":\"WebPage\",\"@id\":\"https:\\\/\\\/maas-farms.com\\\/philosophy\\\/\",\"url\":\"https:\\\/\\\/maas-farms.com\\\/philosophy\\\/\",\"name\":\"Philosophy - Maas Farms\",\"isPartOf\":{\"@id\":\"https:\\\/\\\/maas-farms.com\\\/#website\"},\"datePublished\":\"2022-07-27T19:49:48+00:00\",\"dateModified\":\"2022-08-06T00:12:15+00:00\",\"breadcrumb\":{\"@id\":\"https:\\\/\\\/maas-farms.com\\\/philosophy\\\/#breadcrumb\"},\"inLanguage\":\"es\",\"potentialAction\":[{\"@type\":\"ReadAction\",\"target\":[\"https:\\\/\\\/maas-farms.com\\\/philosophy\\\/\"]}]},{\"@type\":\"BreadcrumbList\",\"@id\":\"https:\\\/\\\/maas-farms.com\\\/philosophy\\\/#breadcrumb\",\"itemListElement\":[{\"@type\":\"ListItem\",\"position\":1,\"name\":\"Portada\",\"item\":\"https:\\\/\\\/maas-farms.com\\\/\"},{\"@type\":\"ListItem\",\"position\":2,\"name\":\"Philosophy\"}]},{\"@type\":\"WebSite\",\"@id\":\"https:\\\/\\\/maas-farms.com\\\/#website\",\"url\":\"https:\\\/\\\/maas-farms.com\\\/\",\"name\":\"Maas Farms\",\"description\":\"Cucumbers &amp; Tomatoes\",\"publisher\":{\"@id\":\"https:\\\/\\\/maas-farms.com\\\/#organization\"},\"potentialAction\":[{\"@type\":\"SearchAction\",\"target\":{\"@type\":\"EntryPoint\",\"urlTemplate\":\"https:\\\/\\\/maas-farms.com\\\/?s={search_term_string}\"},\"query-input\":{\"@type\":\"PropertyValueSpecification\",\"valueRequired\":true,\"valueName\":\"search_term_string\"}}],\"inLanguage\":\"es\"},{\"@type\":\"Organization\",\"@id\":\"https:\\\/\\\/maas-farms.com\\\/#organization\",\"name\":\"Maas Farms\",\"url\":\"https:\\\/\\\/maas-farms.com\\\/\",\"logo\":{\"@type\":\"ImageObject\",\"inLanguage\":\"es\",\"@id\":\"https:\\\/\\\/maas-farms.com\\\/#\\\/schema\\\/logo\\\/image\\\/\",\"url\":\"https:\\\/\\\/maas-farms.com\\\/farms2022\\\/wp-content\\\/uploads\\\/2022\\\/07\\\/Maas-Farms-logo-2.png\",\"contentUrl\":\"https:\\\/\\\/maas-farms.com\\\/farms2022\\\/wp-content\\\/uploads\\\/2022\\\/07\\\/Maas-Farms-logo-2.png\",\"width\":275,\"height\":127,\"caption\":\"Maas Farms\"},\"image\":{\"@id\":\"https:\\\/\\\/maas-farms.com\\\/#\\\/schema\\\/logo\\\/image\\\/\"}}]}<\/script>\n<!-- \/ Yoast SEO plugin. -->","yoast_head_json":{"title":"Philosophy - Maas Farms","robots":{"index":"index","follow":"follow","max-snippet":"max-snippet:-1","max-image-preview":"max-image-preview:large","max-video-preview":"max-video-preview:-1"},"canonical":"https:\/\/maas-farms.com\/es\/philosophy\/","og_locale":"es_MX","og_type":"article","og_title":"Philosophy - Maas Farms","og_description":"PHILOSOPHY We provide the international market with specialized horticultural products meeting high quality standards, with sustainability and comprehensive development. Philosophy Our Mission is To provide the international market with specialized horticultural products meeting high quality standards, with sustainability and comprehensive development. With the Vision To be the agricultural company with the best quality and with [&hellip;]","og_url":"https:\/\/maas-farms.com\/es\/philosophy\/","og_site_name":"Maas Farms","article_modified_time":"2022-08-06T00:12:15+00:00","twitter_card":"summary_large_image","twitter_misc":{"Tiempo de lectura":"2 minutos"},"schema":{"@context":"https:\/\/schema.org","@graph":[{"@type":"WebPage","@id":"https:\/\/maas-farms.com\/philosophy\/","url":"https:\/\/maas-farms.com\/philosophy\/","name":"Philosophy - Maas Farms","isPartOf":{"@id":"https:\/\/maas-farms.com\/#website"},"datePublished":"2022-07-27T19:49:48+00:00","dateModified":"2022-08-06T00:12:15+00:00","breadcrumb":{"@id":"https:\/\/maas-farms.com\/philosophy\/#breadcrumb"},"inLanguage":"es","potentialAction":[{"@type":"ReadAction","target":["https:\/\/maas-farms.com\/philosophy\/"]}]},{"@type":"BreadcrumbList","@id":"https:\/\/maas-farms.com\/philosophy\/#breadcrumb","itemListElement":[{"@type":"ListItem","position":1,"name":"Portada","item":"https:\/\/maas-farms.com\/"},{"@type":"ListItem","position":2,"name":"Philosophy"}]},{"@type":"WebSite","@id":"https:\/\/maas-farms.com\/#website","url":"https:\/\/maas-farms.com\/","name":"Maas Farms","description":"Cucumbers &amp; Tomatoes","publisher":{"@id":"https:\/\/maas-farms.com\/#organization"},"potentialAction":[{"@type":"SearchAction","target":{"@type":"EntryPoint","urlTemplate":"https:\/\/maas-farms.com\/?s={search_term_string}"},"query-input":{"@type":"PropertyValueSpecification","valueRequired":true,"valueName":"search_term_string"}}],"inLanguage":"es"},{"@type":"Organization","@id":"https:\/\/maas-farms.com\/#organization","name":"Maas Farms","url":"https:\/\/maas-farms.com\/","logo":{"@type":"ImageObject","inLanguage":"es","@id":"https:\/\/maas-farms.com\/#\/schema\/logo\/image\/","url":"https:\/\/maas-farms.com\/farms2022\/wp-content\/uploads\/2022\/07\/Maas-Farms-logo-2.png","contentUrl":"https:\/\/maas-farms.com\/farms2022\/wp-content\/uploads\/2022\/07\/Maas-Farms-logo-2.png","width":275,"height":127,"caption":"Maas Farms"},"image":{"@id":"https:\/\/maas-farms.com\/#\/schema\/logo\/image\/"}}]}},"_links":{"self":[{"href":"https:\/\/maas-farms.com\/es\/wp-json\/wp\/v2\/pages\/2094","targetHints":{"allow":["GET"]}}],"collection":[{"href":"https:\/\/maas-farms.com\/es\/wp-json\/wp\/v2\/pages"}],"about":[{"href":"https:\/\/maas-farms.com\/es\/wp-json\/wp\/v2\/types\/page"}],"author":[{"embeddable":true,"href":"https:\/\/maas-farms.com\/es\/wp-json\/wp\/v2\/users\/1"}],"replies":[{"embeddable":true,"href":"https:\/\/maas-farms.com\/es\/wp-json\/wp\/v2\/comments?post=2094"}],"version-history":[{"count":37,"href":"https:\/\/maas-farms.com\/es\/wp-json\/wp\/v2\/pages\/2094\/revisions"}],"predecessor-version":[{"id":2439,"href":"https:\/\/maas-farms.com\/es\/wp-json\/wp\/v2\/pages\/2094\/revisions\/2439"}],"wp:attachment":[{"href":"https:\/\/maas-farms.com\/es\/wp-json\/wp\/v2\/media?parent=2094"}],"curies":[{"name":"wp","href":"https:\/\/api.w.org\/{rel}","templated":true}]}}