{"id":1935,"date":"2022-07-26T21:15:47","date_gmt":"2022-07-27T02:15:47","guid":{"rendered":"https:\/\/maas-farms.com\/farms2022\/?page_id=1935"},"modified":"2022-07-27T13:29:41","modified_gmt":"2022-07-27T18:29:41","slug":"long-english-cucumber","status":"publish","type":"page","link":"https:\/\/maas-farms.com\/es\/long-english-cucumber\/","title":{"rendered":"Pepino ingl\u00e9s largo"},"content":{"rendered":"<div data-elementor-type=\"wp-page\" data-elementor-id=\"1935\" class=\"elementor elementor-1935\" data-elementor-post-type=\"page\">\n\t\t\t\t\t\t<section class=\"elementor-section elementor-top-section elementor-element elementor-element-99cc4e7 elementor-section-height-min-height elementor-section-boxed elementor-section-height-default elementor-section-items-middle\" data-id=\"99cc4e7\" data-element_type=\"section\" data-e-type=\"section\" id=\"pasta\" data-settings=\"{&quot;background_background&quot;:&quot;classic&quot;}\">\n\t\t\t\t\t\t<div class=\"elementor-container elementor-column-gap-no\">\n\t\t\t\t\t<div class=\"elementor-column elementor-col-100 elementor-top-column elementor-element elementor-element-0dc752e\" data-id=\"0dc752e\" data-element_type=\"column\" data-e-type=\"column\">\n\t\t\t<div class=\"elementor-widget-wrap elementor-element-populated\">\n\t\t\t\t\t\t<section class=\"elementor-section elementor-inner-section elementor-element elementor-element-1f16c43 elementor-section-boxed elementor-section-height-default elementor-section-height-default\" data-id=\"1f16c43\" data-element_type=\"section\" data-e-type=\"section\">\n\t\t\t\t\t\t<div class=\"elementor-container elementor-column-gap-no\">\n\t\t\t\t\t<div class=\"elementor-column elementor-col-33 elementor-inner-column elementor-element elementor-element-6cde304\" data-id=\"6cde304\" data-element_type=\"column\" data-e-type=\"column\" data-settings=\"{&quot;background_background&quot;:&quot;classic&quot;}\">\n\t\t\t<div class=\"elementor-widget-wrap elementor-element-populated\">\n\t\t\t\t\t\t<div class=\"elementor-element elementor-element-f35bef1 elementor-hidden-desktop elementor-hidden-tablet elementor-widget elementor-widget-spacer\" data-id=\"f35bef1\" data-element_type=\"widget\" data-e-type=\"widget\" data-widget_type=\"spacer.default\">\n\t\t\t\t<div class=\"elementor-widget-container\">\n\t\t\t\t\t\t\t<div class=\"elementor-spacer\">\n\t\t\t<div class=\"elementor-spacer-inner\"><\/div>\n\t\t<\/div>\n\t\t\t\t\t\t<\/div>\n\t\t\t\t<\/div>\n\t\t\t\t\t<\/div>\n\t\t<\/div>\n\t\t\t\t<div class=\"elementor-column elementor-col-66 elementor-inner-column elementor-element elementor-element-51c4944\" data-id=\"51c4944\" data-element_type=\"column\" data-e-type=\"column\">\n\t\t\t<div class=\"elementor-widget-wrap elementor-element-populated\">\n\t\t\t\t\t\t<div class=\"elementor-element elementor-element-f620dfe elementor-widget elementor-widget-heading\" data-id=\"f620dfe\" data-element_type=\"widget\" data-e-type=\"widget\" data-widget_type=\"heading.default\">\n\t\t\t\t<div class=\"elementor-widget-container\">\n\t\t\t\t\t<h3 class=\"elementor-heading-title elementor-size-default\">Pepino ingl\u00e9s largo<\/h3>\t\t\t\t<\/div>\n\t\t\t\t<\/div>\n\t\t\t\t<div class=\"elementor-element elementor-element-f0297f5 elementor-widget elementor-widget-text-editor\" data-id=\"f0297f5\" data-element_type=\"widget\" data-e-type=\"widget\" data-widget_type=\"text-editor.default\">\n\t\t\t\t<div class=\"elementor-widget-container\">\n\t\t\t\t\t\t\t\t\tAunque su nombre nos lleva hacia el viejo continente, el pepino europeo es una hortaliza que muestra un alto consumo en Estados Unidos. En M\u00e9xico comienza a cultivarse bajo invernadero combinado con hidropon\u00eda, lo cual permite ofertar producto durante todo el a\u00f1o, as\u00ed como garantizar la inocuidad que exige el mercado de exportaci\u00f3n su sabor dulce, tama\u00f1o de semilla grande y alto contenido de fibra los hacen uno de los preferidos en el mercado.\t\t\t\t\t\t\t\t<\/div>\n\t\t\t\t<\/div>\n\t\t\t\t\t<\/div>\n\t\t<\/div>\n\t\t\t\t\t<\/div>\n\t\t<\/section>\n\t\t\t\t\t<\/div>\n\t\t<\/div>\n\t\t\t\t\t<\/div>\n\t\t<\/section>\n\t\t\t\t<section class=\"elementor-section elementor-top-section elementor-element elementor-element-8f0cb38 elementor-section-boxed elementor-section-height-default elementor-section-height-default\" data-id=\"8f0cb38\" data-element_type=\"section\" data-e-type=\"section\" data-settings=\"{&quot;background_background&quot;:&quot;classic&quot;}\">\n\t\t\t\t\t\t<div class=\"elementor-container elementor-column-gap-no\">\n\t\t\t\t\t<div class=\"elementor-column elementor-col-100 elementor-top-column elementor-element elementor-element-336e72f\" data-id=\"336e72f\" data-element_type=\"column\" data-e-type=\"column\">\n\t\t\t<div class=\"elementor-widget-wrap elementor-element-populated\">\n\t\t\t\t\t\t<section class=\"elementor-section elementor-inner-section elementor-element elementor-element-37db031 elementor-section-boxed elementor-section-height-default elementor-section-height-default\" data-id=\"37db031\" data-element_type=\"section\" data-e-type=\"section\">\n\t\t\t\t\t\t<div class=\"elementor-container elementor-column-gap-no\">\n\t\t\t\t\t<div class=\"elementor-column elementor-col-50 elementor-inner-column elementor-element elementor-element-94b18d2\" data-id=\"94b18d2\" data-element_type=\"column\" data-e-type=\"column\">\n\t\t\t<div class=\"elementor-widget-wrap elementor-element-populated\">\n\t\t\t\t\t\t<div class=\"elementor-element elementor-element-26d7e50 elementor-widget elementor-widget-image\" data-id=\"26d7e50\" data-element_type=\"widget\" data-e-type=\"widget\" data-widget_type=\"image.default\">\n\t\t\t\t<div class=\"elementor-widget-container\">\n\t\t\t\t\t\t\t\t\t\t\t\t\t\t\t<img fetchpriority=\"high\" decoding=\"async\" width=\"1024\" height=\"683\" src=\"https:\/\/maas-farms.com\/wp-content\/uploads\/2022\/07\/Maas-Farms-gallery_93-1024x683.jpg\" class=\"attachment-large size-large wp-image-1938\" alt=\"\" srcset=\"https:\/\/maas-farms.com\/wp-content\/uploads\/2022\/07\/Maas-Farms-gallery_93-1024x683.jpg 1024w, https:\/\/maas-farms.com\/wp-content\/uploads\/2022\/07\/Maas-Farms-gallery_93-300x200.jpg 300w, https:\/\/maas-farms.com\/wp-content\/uploads\/2022\/07\/Maas-Farms-gallery_93-768x512.jpg 768w, https:\/\/maas-farms.com\/wp-content\/uploads\/2022\/07\/Maas-Farms-gallery_93-1536x1024.jpg 1536w, https:\/\/maas-farms.com\/wp-content\/uploads\/2022\/07\/Maas-Farms-gallery_93.jpg 1920w\" sizes=\"(max-width: 1024px) 100vw, 1024px\" \/>\t\t\t\t\t\t\t\t\t\t\t\t\t\t\t<\/div>\n\t\t\t\t<\/div>\n\t\t\t\t\t<\/div>\n\t\t<\/div>\n\t\t\t\t<div class=\"elementor-column elementor-col-50 elementor-inner-column elementor-element elementor-element-4d440df\" data-id=\"4d440df\" data-element_type=\"column\" data-e-type=\"column\">\n\t\t\t<div class=\"elementor-widget-wrap elementor-element-populated\">\n\t\t\t\t\t\t<div class=\"elementor-element elementor-element-f268913 elementor-widget elementor-widget-heading\" data-id=\"f268913\" data-element_type=\"widget\" data-e-type=\"widget\" data-widget_type=\"heading.default\">\n\t\t\t\t<div class=\"elementor-widget-container\">\n\t\t\t\t\t<h4 class=\"elementor-heading-title elementor-size-default\">Long English Cucumber LEC<\/h4>\t\t\t\t<\/div>\n\t\t\t\t<\/div>\n\t\t\t\t<div class=\"elementor-element elementor-element-8f6f386 elementor-icon-list--layout-traditional elementor-list-item-link-full_width elementor-widget elementor-widget-icon-list\" data-id=\"8f6f386\" data-element_type=\"widget\" data-e-type=\"widget\" data-widget_type=\"icon-list.default\">\n\t\t\t\t<div class=\"elementor-widget-container\">\n\t\t\t\t\t\t\t<ul class=\"elementor-icon-list-items\">\n\t\t\t\t\t\t\t<li class=\"elementor-icon-list-item\">\n\t\t\t\t\t\t\t\t\t\t\t<span class=\"elementor-icon-list-icon\">\n\t\t\t\t\t\t\t<i aria-hidden=\"true\" class=\"fas fa-caret-right\"><\/i>\t\t\t\t\t\t<\/span>\n\t\t\t\t\t\t\t\t\t\t<span class=\"elementor-icon-list-text\">LEC 12 count<\/span>\n\t\t\t\t\t\t\t\t\t<\/li>\n\t\t\t\t\t\t\t\t<li class=\"elementor-icon-list-item\">\n\t\t\t\t\t\t\t\t\t\t\t<span class=\"elementor-icon-list-icon\">\n\t\t\t\t\t\t\t<i aria-hidden=\"true\" class=\"fas fa-caret-right\"><\/i>\t\t\t\t\t\t<\/span>\n\t\t\t\t\t\t\t\t\t\t<span class=\"elementor-icon-list-text\">LEC 1 1\/9 bushel<\/span>\n\t\t\t\t\t\t\t\t\t<\/li>\n\t\t\t\t\t\t\t\t<li class=\"elementor-icon-list-item\">\n\t\t\t\t\t\t\t\t\t\t\t<span class=\"elementor-icon-list-icon\">\n\t\t\t\t\t\t\t<i aria-hidden=\"true\" class=\"fas fa-caret-right\"><\/i>\t\t\t\t\t\t<\/span>\n\t\t\t\t\t\t\t\t\t\t<span class=\"elementor-icon-list-text\">Other LEC packing styles on request<\/span>\n\t\t\t\t\t\t\t\t\t<\/li>\n\t\t\t\t\t\t<\/ul>\n\t\t\t\t\t\t<\/div>\n\t\t\t\t<\/div>\n\t\t\t\t\t<\/div>\n\t\t<\/div>\n\t\t\t\t\t<\/div>\n\t\t<\/section>\n\t\t\t\t\t<\/div>\n\t\t<\/div>\n\t\t\t\t\t<\/div>\n\t\t<\/section>\n\t\t\t\t<section class=\"elementor-section elementor-top-section elementor-element elementor-element-70fc57c elementor-section-full_width elementor-section-height-default elementor-section-height-default\" data-id=\"70fc57c\" data-element_type=\"section\" data-e-type=\"section\">\n\t\t\t\t\t\t<div class=\"elementor-container elementor-column-gap-no\">\n\t\t\t\t\t<div class=\"elementor-column elementor-col-100 elementor-top-column elementor-element elementor-element-320dbee\" data-id=\"320dbee\" data-element_type=\"column\" data-e-type=\"column\">\n\t\t\t<div class=\"elementor-widget-wrap\">\n\t\t\t\t\t\t\t<\/div>\n\t\t<\/div>\n\t\t\t\t\t<\/div>\n\t\t<\/section>\n\t\t\t\t<\/div>","protected":false},"excerpt":{"rendered":"<p>Long English Cucumber Although its name takes us to the old continent, the European cucumber is a vegetable that shows high consumption in the United States. In Mexico, it is beginning to be cultivated under a greenhouse combined with hydroponics, which allows offering a product throughout the year, as well as guaranteeing the safety required [&hellip;]<\/p>\n","protected":false},"author":1,"featured_media":0,"parent":0,"menu_order":0,"comment_status":"closed","ping_status":"closed","template":"","meta":{"site-sidebar-layout":"no-sidebar","site-content-layout":"page-builder","ast-site-content-layout":"default","site-content-style":"default","site-sidebar-style":"default","ast-global-header-display":"","ast-banner-title-visibility":"","ast-main-header-display":"","ast-hfb-above-header-display":"","ast-hfb-below-header-display":"","ast-hfb-mobile-header-display":"","site-post-title":"disabled","ast-breadcrumbs-content":"disabled","ast-featured-img":"disabled","footer-sml-layout":"","ast-disable-related-posts":"","theme-transparent-header-meta":"enabled","adv-header-id-meta":"","stick-header-meta":"","header-above-stick-meta":"","header-main-stick-meta":"","header-below-stick-meta":"","astra-migrate-meta-layouts":"default","ast-page-background-enabled":"default","ast-page-background-meta":{"desktop":{"background-color":"","background-image":"","background-repeat":"repeat","background-position":"center center","background-size":"auto","background-attachment":"scroll","background-type":"","background-media":"","overlay-type":"","overlay-color":"","overlay-opacity":"","overlay-gradient":""},"tablet":{"background-color":"","background-image":"","background-repeat":"repeat","background-position":"center center","background-size":"auto","background-attachment":"scroll","background-type":"","background-media":"","overlay-type":"","overlay-color":"","overlay-opacity":"","overlay-gradient":""},"mobile":{"background-color":"","background-image":"","background-repeat":"repeat","background-position":"center center","background-size":"auto","background-attachment":"scroll","background-type":"","background-media":"","overlay-type":"","overlay-color":"","overlay-opacity":"","overlay-gradient":""}},"ast-content-background-meta":{"desktop":{"background-color":"var(--ast-global-color-5)","background-image":"","background-repeat":"repeat","background-position":"center center","background-size":"auto","background-attachment":"scroll","background-type":"","background-media":"","overlay-type":"","overlay-color":"","overlay-opacity":"","overlay-gradient":""},"tablet":{"background-color":"var(--ast-global-color-5)","background-image":"","background-repeat":"repeat","background-position":"center center","background-size":"auto","background-attachment":"scroll","background-type":"","background-media":"","overlay-type":"","overlay-color":"","overlay-opacity":"","overlay-gradient":""},"mobile":{"background-color":"var(--ast-global-color-5)","background-image":"","background-repeat":"repeat","background-position":"center center","background-size":"auto","background-attachment":"scroll","background-type":"","background-media":"","overlay-type":"","overlay-color":"","overlay-opacity":"","overlay-gradient":""}},"footnotes":""},"class_list":["post-1935","page","type-page","status-publish","hentry"],"yoast_head":"<!-- This site is optimized with the Yoast SEO plugin v27.3 - https:\/\/yoast.com\/product\/yoast-seo-wordpress\/ -->\n<title>Long English Cucumber - Maas Farms<\/title>\n<meta name=\"robots\" content=\"index, follow, max-snippet:-1, max-image-preview:large, max-video-preview:-1\" \/>\n<link rel=\"canonical\" href=\"https:\/\/maas-farms.com\/es\/long-english-cucumber\/\" \/>\n<meta property=\"og:locale\" content=\"es_MX\" \/>\n<meta property=\"og:type\" content=\"article\" \/>\n<meta property=\"og:title\" content=\"Long English Cucumber - Maas Farms\" \/>\n<meta property=\"og:description\" content=\"Long English Cucumber Although its name takes us to the old continent, the European cucumber is a vegetable that shows high consumption in the United States. In Mexico, it is beginning to be cultivated under a greenhouse combined with hydroponics, which allows offering a product throughout the year, as well as guaranteeing the safety required [&hellip;]\" \/>\n<meta property=\"og:url\" content=\"https:\/\/maas-farms.com\/es\/long-english-cucumber\/\" \/>\n<meta property=\"og:site_name\" content=\"Maas Farms\" \/>\n<meta property=\"article:modified_time\" content=\"2022-07-27T18:29:41+00:00\" \/>\n<meta property=\"og:image\" content=\"https:\/\/maas-farms.com\/farms2022\/wp-content\/uploads\/2022\/07\/Maas-Farms-gallery_93-1024x683.jpg\" \/>\n<meta name=\"twitter:card\" content=\"summary_large_image\" \/>\n<meta name=\"twitter:label1\" content=\"Tiempo de lectura\" \/>\n\t<meta name=\"twitter:data1\" content=\"2 minutos\" \/>\n<script type=\"application\/ld+json\" class=\"yoast-schema-graph\">{\"@context\":\"https:\\\/\\\/schema.org\",\"@graph\":[{\"@type\":\"WebPage\",\"@id\":\"https:\\\/\\\/maas-farms.com\\\/long-english-cucumber\\\/\",\"url\":\"https:\\\/\\\/maas-farms.com\\\/long-english-cucumber\\\/\",\"name\":\"Long English Cucumber - Maas Farms\",\"isPartOf\":{\"@id\":\"https:\\\/\\\/maas-farms.com\\\/#website\"},\"primaryImageOfPage\":{\"@id\":\"https:\\\/\\\/maas-farms.com\\\/long-english-cucumber\\\/#primaryimage\"},\"image\":{\"@id\":\"https:\\\/\\\/maas-farms.com\\\/long-english-cucumber\\\/#primaryimage\"},\"thumbnailUrl\":\"https:\\\/\\\/maas-farms.com\\\/farms2022\\\/wp-content\\\/uploads\\\/2022\\\/07\\\/Maas-Farms-gallery_93-1024x683.jpg\",\"datePublished\":\"2022-07-27T02:15:47+00:00\",\"dateModified\":\"2022-07-27T18:29:41+00:00\",\"breadcrumb\":{\"@id\":\"https:\\\/\\\/maas-farms.com\\\/long-english-cucumber\\\/#breadcrumb\"},\"inLanguage\":\"es\",\"potentialAction\":[{\"@type\":\"ReadAction\",\"target\":[\"https:\\\/\\\/maas-farms.com\\\/long-english-cucumber\\\/\"]}]},{\"@type\":\"ImageObject\",\"inLanguage\":\"es\",\"@id\":\"https:\\\/\\\/maas-farms.com\\\/long-english-cucumber\\\/#primaryimage\",\"url\":\"https:\\\/\\\/maas-farms.com\\\/farms2022\\\/wp-content\\\/uploads\\\/2022\\\/07\\\/Maas-Farms-gallery_93-1024x683.jpg\",\"contentUrl\":\"https:\\\/\\\/maas-farms.com\\\/farms2022\\\/wp-content\\\/uploads\\\/2022\\\/07\\\/Maas-Farms-gallery_93-1024x683.jpg\"},{\"@type\":\"BreadcrumbList\",\"@id\":\"https:\\\/\\\/maas-farms.com\\\/long-english-cucumber\\\/#breadcrumb\",\"itemListElement\":[{\"@type\":\"ListItem\",\"position\":1,\"name\":\"Portada\",\"item\":\"https:\\\/\\\/maas-farms.com\\\/\"},{\"@type\":\"ListItem\",\"position\":2,\"name\":\"Long English Cucumber\"}]},{\"@type\":\"WebSite\",\"@id\":\"https:\\\/\\\/maas-farms.com\\\/#website\",\"url\":\"https:\\\/\\\/maas-farms.com\\\/\",\"name\":\"Maas Farms\",\"description\":\"Cucumbers &amp; Tomatoes\",\"publisher\":{\"@id\":\"https:\\\/\\\/maas-farms.com\\\/#organization\"},\"potentialAction\":[{\"@type\":\"SearchAction\",\"target\":{\"@type\":\"EntryPoint\",\"urlTemplate\":\"https:\\\/\\\/maas-farms.com\\\/?s={search_term_string}\"},\"query-input\":{\"@type\":\"PropertyValueSpecification\",\"valueRequired\":true,\"valueName\":\"search_term_string\"}}],\"inLanguage\":\"es\"},{\"@type\":\"Organization\",\"@id\":\"https:\\\/\\\/maas-farms.com\\\/#organization\",\"name\":\"Maas Farms\",\"url\":\"https:\\\/\\\/maas-farms.com\\\/\",\"logo\":{\"@type\":\"ImageObject\",\"inLanguage\":\"es\",\"@id\":\"https:\\\/\\\/maas-farms.com\\\/#\\\/schema\\\/logo\\\/image\\\/\",\"url\":\"https:\\\/\\\/maas-farms.com\\\/farms2022\\\/wp-content\\\/uploads\\\/2022\\\/07\\\/Maas-Farms-logo-2.png\",\"contentUrl\":\"https:\\\/\\\/maas-farms.com\\\/farms2022\\\/wp-content\\\/uploads\\\/2022\\\/07\\\/Maas-Farms-logo-2.png\",\"width\":275,\"height\":127,\"caption\":\"Maas Farms\"},\"image\":{\"@id\":\"https:\\\/\\\/maas-farms.com\\\/#\\\/schema\\\/logo\\\/image\\\/\"}}]}<\/script>\n<!-- \/ Yoast SEO plugin. -->","yoast_head_json":{"title":"Long English Cucumber - Maas Farms","robots":{"index":"index","follow":"follow","max-snippet":"max-snippet:-1","max-image-preview":"max-image-preview:large","max-video-preview":"max-video-preview:-1"},"canonical":"https:\/\/maas-farms.com\/es\/long-english-cucumber\/","og_locale":"es_MX","og_type":"article","og_title":"Long English Cucumber - Maas Farms","og_description":"Long English Cucumber Although its name takes us to the old continent, the European cucumber is a vegetable that shows high consumption in the United States. In Mexico, it is beginning to be cultivated under a greenhouse combined with hydroponics, which allows offering a product throughout the year, as well as guaranteeing the safety required [&hellip;]","og_url":"https:\/\/maas-farms.com\/es\/long-english-cucumber\/","og_site_name":"Maas Farms","article_modified_time":"2022-07-27T18:29:41+00:00","og_image":[{"url":"https:\/\/maas-farms.com\/farms2022\/wp-content\/uploads\/2022\/07\/Maas-Farms-gallery_93-1024x683.jpg","type":"","width":"","height":""}],"twitter_card":"summary_large_image","twitter_misc":{"Tiempo de lectura":"2 minutos"},"schema":{"@context":"https:\/\/schema.org","@graph":[{"@type":"WebPage","@id":"https:\/\/maas-farms.com\/long-english-cucumber\/","url":"https:\/\/maas-farms.com\/long-english-cucumber\/","name":"Long English Cucumber - Maas Farms","isPartOf":{"@id":"https:\/\/maas-farms.com\/#website"},"primaryImageOfPage":{"@id":"https:\/\/maas-farms.com\/long-english-cucumber\/#primaryimage"},"image":{"@id":"https:\/\/maas-farms.com\/long-english-cucumber\/#primaryimage"},"thumbnailUrl":"https:\/\/maas-farms.com\/farms2022\/wp-content\/uploads\/2022\/07\/Maas-Farms-gallery_93-1024x683.jpg","datePublished":"2022-07-27T02:15:47+00:00","dateModified":"2022-07-27T18:29:41+00:00","breadcrumb":{"@id":"https:\/\/maas-farms.com\/long-english-cucumber\/#breadcrumb"},"inLanguage":"es","potentialAction":[{"@type":"ReadAction","target":["https:\/\/maas-farms.com\/long-english-cucumber\/"]}]},{"@type":"ImageObject","inLanguage":"es","@id":"https:\/\/maas-farms.com\/long-english-cucumber\/#primaryimage","url":"https:\/\/maas-farms.com\/farms2022\/wp-content\/uploads\/2022\/07\/Maas-Farms-gallery_93-1024x683.jpg","contentUrl":"https:\/\/maas-farms.com\/farms2022\/wp-content\/uploads\/2022\/07\/Maas-Farms-gallery_93-1024x683.jpg"},{"@type":"BreadcrumbList","@id":"https:\/\/maas-farms.com\/long-english-cucumber\/#breadcrumb","itemListElement":[{"@type":"ListItem","position":1,"name":"Portada","item":"https:\/\/maas-farms.com\/"},{"@type":"ListItem","position":2,"name":"Long English Cucumber"}]},{"@type":"WebSite","@id":"https:\/\/maas-farms.com\/#website","url":"https:\/\/maas-farms.com\/","name":"Maas Farms","description":"Cucumbers &amp; Tomatoes","publisher":{"@id":"https:\/\/maas-farms.com\/#organization"},"potentialAction":[{"@type":"SearchAction","target":{"@type":"EntryPoint","urlTemplate":"https:\/\/maas-farms.com\/?s={search_term_string}"},"query-input":{"@type":"PropertyValueSpecification","valueRequired":true,"valueName":"search_term_string"}}],"inLanguage":"es"},{"@type":"Organization","@id":"https:\/\/maas-farms.com\/#organization","name":"Maas Farms","url":"https:\/\/maas-farms.com\/","logo":{"@type":"ImageObject","inLanguage":"es","@id":"https:\/\/maas-farms.com\/#\/schema\/logo\/image\/","url":"https:\/\/maas-farms.com\/farms2022\/wp-content\/uploads\/2022\/07\/Maas-Farms-logo-2.png","contentUrl":"https:\/\/maas-farms.com\/farms2022\/wp-content\/uploads\/2022\/07\/Maas-Farms-logo-2.png","width":275,"height":127,"caption":"Maas Farms"},"image":{"@id":"https:\/\/maas-farms.com\/#\/schema\/logo\/image\/"}}]}},"_links":{"self":[{"href":"https:\/\/maas-farms.com\/es\/wp-json\/wp\/v2\/pages\/1935","targetHints":{"allow":["GET"]}}],"collection":[{"href":"https:\/\/maas-farms.com\/es\/wp-json\/wp\/v2\/pages"}],"about":[{"href":"https:\/\/maas-farms.com\/es\/wp-json\/wp\/v2\/types\/page"}],"author":[{"embeddable":true,"href":"https:\/\/maas-farms.com\/es\/wp-json\/wp\/v2\/users\/1"}],"replies":[{"embeddable":true,"href":"https:\/\/maas-farms.com\/es\/wp-json\/wp\/v2\/comments?post=1935"}],"version-history":[{"count":7,"href":"https:\/\/maas-farms.com\/es\/wp-json\/wp\/v2\/pages\/1935\/revisions"}],"predecessor-version":[{"id":2037,"href":"https:\/\/maas-farms.com\/es\/wp-json\/wp\/v2\/pages\/1935\/revisions\/2037"}],"wp:attachment":[{"href":"https:\/\/maas-farms.com\/es\/wp-json\/wp\/v2\/media?parent=1935"}],"curies":[{"name":"wp","href":"https:\/\/api.w.org\/{rel}","templated":true}]}}