{"id":1648,"date":"2022-07-26T12:28:32","date_gmt":"2022-07-26T17:28:32","guid":{"rendered":"https:\/\/maas-farms.com\/farms2022\/?page_id=1648"},"modified":"2022-08-05T19:15:04","modified_gmt":"2022-08-06T00:15:04","slug":"careers","status":"publish","type":"page","link":"https:\/\/maas-farms.com\/es\/careers\/","title":{"rendered":"Carreras"},"content":{"rendered":"<div data-elementor-type=\"wp-page\" data-elementor-id=\"1648\" class=\"elementor elementor-1648\" data-elementor-post-type=\"page\">\n\t\t\t\t\t\t<section class=\"elementor-section elementor-top-section elementor-element elementor-element-c002934 elementor-section-boxed elementor-section-height-default elementor-section-height-default\" data-id=\"c002934\" data-element_type=\"section\" data-e-type=\"section\" data-settings=\"{&quot;background_background&quot;:&quot;classic&quot;,&quot;shape_divider_bottom&quot;:&quot;curve&quot;,&quot;shape_divider_bottom_negative&quot;:&quot;yes&quot;}\">\n\t\t\t\t\t\t\t<div class=\"elementor-background-overlay\"><\/div>\n\t\t\t\t\t\t<div class=\"elementor-shape elementor-shape-bottom\" aria-hidden=\"true\" data-negative=\"true\">\n\t\t\t<svg xmlns=\"http:\/\/www.w3.org\/2000\/svg\" viewbox=\"0 0 1000 100\" preserveaspectratio=\"none\">\n\t<path class=\"elementor-shape-fill\" d=\"M500,97C126.7,96.3,0.8,19.8,0,0v100l1000,0V1C1000,19.4,873.3,97.8,500,97z\"\/>\n<\/svg>\t\t<\/div>\n\t\t\t\t\t<div class=\"elementor-container elementor-column-gap-no\">\n\t\t\t\t\t<div class=\"elementor-column elementor-col-100 elementor-top-column elementor-element elementor-element-fd2f661\" data-id=\"fd2f661\" data-element_type=\"column\" data-e-type=\"column\">\n\t\t\t<div class=\"elementor-widget-wrap elementor-element-populated\">\n\t\t\t\t\t\t<div class=\"elementor-element elementor-element-ec48c3a elementor-invisible elementor-widget elementor-widget-heading\" data-id=\"ec48c3a\" data-element_type=\"widget\" data-e-type=\"widget\" data-settings=\"{&quot;_animation&quot;:&quot;fadeInDown&quot;}\" data-widget_type=\"heading.default\">\n\t\t\t\t<div class=\"elementor-widget-container\">\n\t\t\t\t\t<h1 class=\"elementor-heading-title elementor-size-default\">Carreras<\/h1>\t\t\t\t<\/div>\n\t\t\t\t<\/div>\n\t\t\t\t<div class=\"elementor-element elementor-element-25407a6 elementor-invisible elementor-widget elementor-widget-text-editor\" data-id=\"25407a6\" data-element_type=\"widget\" data-e-type=\"widget\" data-settings=\"{&quot;_animation&quot;:&quot;fadeIn&quot;,&quot;_animation_delay&quot;:150}\" data-widget_type=\"text-editor.default\">\n\t\t\t\t<div class=\"elementor-widget-container\">\n\t\t\t\t\t\t\t\t\tProveemos al mercado internacional de productos hort\u00edcolas especializados con altos est\u00e1ndares de calidad, con sustentabilidad y desarrollo integral.\t\t\t\t\t\t\t\t<\/div>\n\t\t\t\t<\/div>\n\t\t\t\t\t<\/div>\n\t\t<\/div>\n\t\t\t\t\t<\/div>\n\t\t<\/section>\n\t\t\t\t<section class=\"elementor-section elementor-top-section elementor-element elementor-element-abebfb7 elementor-reverse-tablet elementor-section-boxed elementor-section-height-default elementor-section-height-default\" data-id=\"abebfb7\" data-element_type=\"section\" data-e-type=\"section\">\n\t\t\t\t\t\t<div class=\"elementor-container elementor-column-gap-no\">\n\t\t\t\t\t<div class=\"elementor-column elementor-col-66 elementor-top-column elementor-element elementor-element-f9befbf\" data-id=\"f9befbf\" data-element_type=\"column\" data-e-type=\"column\">\n\t\t\t<div class=\"elementor-widget-wrap elementor-element-populated\">\n\t\t\t\t\t\t<div class=\"elementor-element elementor-element-1b2e9c9 elementor-widget elementor-widget-heading\" data-id=\"1b2e9c9\" data-element_type=\"widget\" data-e-type=\"widget\" data-widget_type=\"heading.default\">\n\t\t\t\t<div class=\"elementor-widget-container\">\n\t\t\t\t\t<h6 class=\"elementor-heading-title elementor-size-default\">Carreras<\/h6>\t\t\t\t<\/div>\n\t\t\t\t<\/div>\n\t\t\t\t<div class=\"elementor-element elementor-element-5f4f077 elementor-invisible elementor-widget elementor-widget-heading\" data-id=\"5f4f077\" data-element_type=\"widget\" data-e-type=\"widget\" data-settings=\"{&quot;_animation&quot;:&quot;fadeIn&quot;}\" data-widget_type=\"heading.default\">\n\t\t\t\t<div class=\"elementor-widget-container\">\n\t\t\t\t\t<h2 class=\"elementor-heading-title elementor-size-default\">DESARROLLARSE CON MAAS\n<\/h2>\t\t\t\t<\/div>\n\t\t\t\t<\/div>\n\t\t\t\t<div class=\"elementor-element elementor-element-358e0ee elementor-widget elementor-widget-text-editor\" data-id=\"358e0ee\" data-element_type=\"widget\" data-e-type=\"widget\" data-widget_type=\"text-editor.default\">\n\t\t\t\t<div class=\"elementor-widget-container\">\n\t\t\t\t\t\t\t\t\tDespu\u00e9s de la visi\u00f3n de los hermanos Garc\u00eda hacia el sector agroalimentario, AGRICOLA MAAS se ha convertido en una empresa conformada con m\u00e1s de mil personas proactivas, con el esfuerzo y dedicaci\u00f3n nos hemos mantenido donde ahora estamos, nosotros, no solo buscamos empleados, buscamos personas que aspiren ser parte de un equipo de grandeza.\n\t\t\t\t\t\t\t\t<\/div>\n\t\t\t\t<\/div>\n\t\t\t\t<section class=\"elementor-section elementor-inner-section elementor-element elementor-element-7554663 elementor-reverse-tablet elementor-reverse-mobile elementor-section-boxed elementor-section-height-default elementor-section-height-default\" data-id=\"7554663\" data-element_type=\"section\" data-e-type=\"section\">\n\t\t\t\t\t\t<div class=\"elementor-container elementor-column-gap-no\">\n\t\t\t\t\t<div class=\"elementor-column elementor-col-100 elementor-inner-column elementor-element elementor-element-166f82a\" data-id=\"166f82a\" data-element_type=\"column\" data-e-type=\"column\">\n\t\t\t<div class=\"elementor-widget-wrap elementor-element-populated\">\n\t\t\t\t\t\t<div class=\"elementor-element elementor-element-9dbbb1d elementor-widget elementor-widget-heading\" data-id=\"9dbbb1d\" data-element_type=\"widget\" data-e-type=\"widget\" data-widget_type=\"heading.default\">\n\t\t\t\t<div class=\"elementor-widget-container\">\n\t\t\t\t\t<h5 class=\"elementor-heading-title elementor-size-default\">\u00bfPorque ser parte del equipo MAAS? <\/h5>\t\t\t\t<\/div>\n\t\t\t\t<\/div>\n\t\t\t\t<div class=\"elementor-element elementor-element-2c614ba elementor-widget elementor-widget-text-editor\" data-id=\"2c614ba\" data-element_type=\"widget\" data-e-type=\"widget\" data-widget_type=\"text-editor.default\">\n\t\t\t\t<div class=\"elementor-widget-container\">\n\t\t\t\t\t\t\t\t\tEn MAAS estamos convencidos que lo m\u00e1s valioso es su gente, por tal motivo permanentemente buscamos su desarrollo personal y profesional. Esto lo hemos venido impulsando mediante la constante capacitaci\u00f3n y certificaci\u00f3n de competencias alineadas a los objetivos estrat\u00e9gicos.\n\t\t\t\t\t\t\t\t<\/div>\n\t\t\t\t<\/div>\n\t\t\t\t\t<\/div>\n\t\t<\/div>\n\t\t\t\t\t<\/div>\n\t\t<\/section>\n\t\t\t\t<section class=\"elementor-section elementor-inner-section elementor-element elementor-element-424841d elementor-reverse-tablet elementor-reverse-mobile elementor-section-boxed elementor-section-height-default elementor-section-height-default\" data-id=\"424841d\" data-element_type=\"section\" data-e-type=\"section\">\n\t\t\t\t\t\t<div class=\"elementor-container elementor-column-gap-no\">\n\t\t\t\t\t<div class=\"elementor-column elementor-col-100 elementor-inner-column elementor-element elementor-element-d2a5213\" data-id=\"d2a5213\" data-element_type=\"column\" data-e-type=\"column\">\n\t\t\t<div class=\"elementor-widget-wrap elementor-element-populated\">\n\t\t\t\t\t\t<div class=\"elementor-element elementor-element-5b58198 elementor-widget elementor-widget-heading\" data-id=\"5b58198\" data-element_type=\"widget\" data-e-type=\"widget\" data-widget_type=\"heading.default\">\n\t\t\t\t<div class=\"elementor-widget-container\">\n\t\t\t\t\t<h5 class=\"elementor-heading-title elementor-size-default\">CRECER Y APRENDER MAAS\n<\/h5>\t\t\t\t<\/div>\n\t\t\t\t<\/div>\n\t\t\t\t<div class=\"elementor-element elementor-element-4f7f425 elementor-widget elementor-widget-text-editor\" data-id=\"4f7f425\" data-element_type=\"widget\" data-e-type=\"widget\" data-widget_type=\"text-editor.default\">\n\t\t\t\t<div class=\"elementor-widget-container\">\n\t\t\t\t\t\t\t\t\t<p>Universidad Nu3 tiene la misi\u00f3n de lograr el desarrollo de los conocimientos, habilidades y valores \u00f3ptimos del talento humano dentro del grupo para crear una cultura plenamente humana y contribuir en la mejora de la calidad de vida del personal.<\/p><p>La universidad nu3 concentra programas de formaci\u00f3n y desarrollo de habilidades y educaci\u00f3n para los colaboradores, que ofrece a trav\u00e9s de cursos, talleres, diplomados, certificaciones, educaci\u00f3n, b\u00e1sica, media y superior.<\/p><p>Contamos con un plan de beca accesible para todo el personal y actualmente apoyamos a m\u00e1s de 100 colaboradores para elevar su nivel acad\u00e9mico.<\/p>\t\t\t\t\t\t\t\t<\/div>\n\t\t\t\t<\/div>\n\t\t\t\t\t<\/div>\n\t\t<\/div>\n\t\t\t\t\t<\/div>\n\t\t<\/section>\n\t\t\t\t\t<\/div>\n\t\t<\/div>\n\t\t\t\t<div class=\"elementor-column elementor-col-33 elementor-top-column elementor-element elementor-element-4d8f917\" data-id=\"4d8f917\" data-element_type=\"column\" data-e-type=\"column\">\n\t\t\t<div class=\"elementor-widget-wrap elementor-element-populated\">\n\t\t\t\t\t\t<div class=\"elementor-element elementor-element-4dd87e5 elementor-widget elementor-widget-image\" data-id=\"4dd87e5\" data-element_type=\"widget\" data-e-type=\"widget\" data-widget_type=\"image.default\">\n\t\t\t\t<div class=\"elementor-widget-container\">\n\t\t\t\t\t\t\t\t\t\t\t\t\t\t\t<img fetchpriority=\"high\" decoding=\"async\" width=\"800\" height=\"1200\" src=\"https:\/\/maas-farms.com\/wp-content\/uploads\/2022\/08\/Maas-Farms-image3_R9-1.jpg\" class=\"attachment-full size-full wp-image-2371\" alt=\"\" srcset=\"https:\/\/maas-farms.com\/wp-content\/uploads\/2022\/08\/Maas-Farms-image3_R9-1.jpg 800w, https:\/\/maas-farms.com\/wp-content\/uploads\/2022\/08\/Maas-Farms-image3_R9-1-200x300.jpg 200w, https:\/\/maas-farms.com\/wp-content\/uploads\/2022\/08\/Maas-Farms-image3_R9-1-683x1024.jpg 683w, https:\/\/maas-farms.com\/wp-content\/uploads\/2022\/08\/Maas-Farms-image3_R9-1-768x1152.jpg 768w\" sizes=\"(max-width: 800px) 100vw, 800px\" \/>\t\t\t\t\t\t\t\t\t\t\t\t\t\t\t<\/div>\n\t\t\t\t<\/div>\n\t\t\t\t\t<\/div>\n\t\t<\/div>\n\t\t\t\t\t<\/div>\n\t\t<\/section>\n\t\t\t\t<section class=\"elementor-section elementor-top-section elementor-element elementor-element-c0cfe76 elementor-section-full_width elementor-section-height-default elementor-section-height-default\" data-id=\"c0cfe76\" data-element_type=\"section\" data-e-type=\"section\">\n\t\t\t\t\t\t<div class=\"elementor-container elementor-column-gap-no\">\n\t\t\t\t\t<div class=\"elementor-column elementor-col-100 elementor-top-column elementor-element elementor-element-0cc85a4\" data-id=\"0cc85a4\" data-element_type=\"column\" data-e-type=\"column\">\n\t\t\t<div class=\"elementor-widget-wrap\">\n\t\t\t\t\t\t\t<\/div>\n\t\t<\/div>\n\t\t\t\t\t<\/div>\n\t\t<\/section>\n\t\t\t\t<\/div>","protected":false},"excerpt":{"rendered":"<p>Careers We provide the international market with specialized horticultural products meeting high quality standards, with sustainability and comprehensive development. Careers DEVELOP WITH MAAS After the vision of the Garc\u00eda brothers towards the agri-food sector, AGRICOLA MAAS has become a company made up of more than a thousand proactive people, with effort and dedication we have [&hellip;]<\/p>\n","protected":false},"author":1,"featured_media":0,"parent":0,"menu_order":0,"comment_status":"closed","ping_status":"closed","template":"","meta":{"site-sidebar-layout":"no-sidebar","site-content-layout":"page-builder","ast-site-content-layout":"default","site-content-style":"default","site-sidebar-style":"default","ast-global-header-display":"","ast-banner-title-visibility":"","ast-main-header-display":"","ast-hfb-above-header-display":"","ast-hfb-below-header-display":"","ast-hfb-mobile-header-display":"","site-post-title":"disabled","ast-breadcrumbs-content":"disabled","ast-featured-img":"disabled","footer-sml-layout":"","ast-disable-related-posts":"","theme-transparent-header-meta":"enabled","adv-header-id-meta":"","stick-header-meta":"","header-above-stick-meta":"","header-main-stick-meta":"","header-below-stick-meta":"","astra-migrate-meta-layouts":"default","ast-page-background-enabled":"default","ast-page-background-meta":{"desktop":{"background-color":"","background-image":"","background-repeat":"repeat","background-position":"center center","background-size":"auto","background-attachment":"scroll","background-type":"","background-media":"","overlay-type":"","overlay-color":"","overlay-opacity":"","overlay-gradient":""},"tablet":{"background-color":"","background-image":"","background-repeat":"repeat","background-position":"center center","background-size":"auto","background-attachment":"scroll","background-type":"","background-media":"","overlay-type":"","overlay-color":"","overlay-opacity":"","overlay-gradient":""},"mobile":{"background-color":"","background-image":"","background-repeat":"repeat","background-position":"center center","background-size":"auto","background-attachment":"scroll","background-type":"","background-media":"","overlay-type":"","overlay-color":"","overlay-opacity":"","overlay-gradient":""}},"ast-content-background-meta":{"desktop":{"background-color":"var(--ast-global-color-5)","background-image":"","background-repeat":"repeat","background-position":"center center","background-size":"auto","background-attachment":"scroll","background-type":"","background-media":"","overlay-type":"","overlay-color":"","overlay-opacity":"","overlay-gradient":""},"tablet":{"background-color":"var(--ast-global-color-5)","background-image":"","background-repeat":"repeat","background-position":"center center","background-size":"auto","background-attachment":"scroll","background-type":"","background-media":"","overlay-type":"","overlay-color":"","overlay-opacity":"","overlay-gradient":""},"mobile":{"background-color":"var(--ast-global-color-5)","background-image":"","background-repeat":"repeat","background-position":"center center","background-size":"auto","background-attachment":"scroll","background-type":"","background-media":"","overlay-type":"","overlay-color":"","overlay-opacity":"","overlay-gradient":""}},"footnotes":""},"class_list":["post-1648","page","type-page","status-publish","hentry"],"yoast_head":"<!-- This site is optimized with the Yoast SEO plugin v27.3 - https:\/\/yoast.com\/product\/yoast-seo-wordpress\/ -->\n<title>Careers - Maas Farms<\/title>\n<meta name=\"robots\" content=\"index, follow, max-snippet:-1, max-image-preview:large, max-video-preview:-1\" \/>\n<link rel=\"canonical\" href=\"https:\/\/maas-farms.com\/es\/careers\/\" \/>\n<meta property=\"og:locale\" content=\"es_MX\" \/>\n<meta property=\"og:type\" content=\"article\" \/>\n<meta property=\"og:title\" content=\"Careers - Maas Farms\" \/>\n<meta property=\"og:description\" content=\"Careers We provide the international market with specialized horticultural products meeting high quality standards, with sustainability and comprehensive development. Careers DEVELOP WITH MAAS After the vision of the Garc\u00eda brothers towards the agri-food sector, AGRICOLA MAAS has become a company made up of more than a thousand proactive people, with effort and dedication we have [&hellip;]\" \/>\n<meta property=\"og:url\" content=\"https:\/\/maas-farms.com\/es\/careers\/\" \/>\n<meta property=\"og:site_name\" content=\"Maas Farms\" \/>\n<meta property=\"article:modified_time\" content=\"2022-08-06T00:15:04+00:00\" \/>\n<meta property=\"og:image\" content=\"https:\/\/maas-farms.com\/farms2022\/wp-content\/uploads\/2022\/08\/Maas-Farms-image3_R9-1.jpg\" \/>\n<meta name=\"twitter:card\" content=\"summary_large_image\" \/>\n<meta name=\"twitter:label1\" content=\"Tiempo de lectura\" \/>\n\t<meta name=\"twitter:data1\" content=\"3 minutos\" \/>\n<script type=\"application\/ld+json\" class=\"yoast-schema-graph\">{\"@context\":\"https:\\\/\\\/schema.org\",\"@graph\":[{\"@type\":\"WebPage\",\"@id\":\"https:\\\/\\\/maas-farms.com\\\/careers\\\/\",\"url\":\"https:\\\/\\\/maas-farms.com\\\/careers\\\/\",\"name\":\"Careers - Maas Farms\",\"isPartOf\":{\"@id\":\"https:\\\/\\\/maas-farms.com\\\/#website\"},\"primaryImageOfPage\":{\"@id\":\"https:\\\/\\\/maas-farms.com\\\/careers\\\/#primaryimage\"},\"image\":{\"@id\":\"https:\\\/\\\/maas-farms.com\\\/careers\\\/#primaryimage\"},\"thumbnailUrl\":\"https:\\\/\\\/maas-farms.com\\\/farms2022\\\/wp-content\\\/uploads\\\/2022\\\/08\\\/Maas-Farms-image3_R9-1.jpg\",\"datePublished\":\"2022-07-26T17:28:32+00:00\",\"dateModified\":\"2022-08-06T00:15:04+00:00\",\"breadcrumb\":{\"@id\":\"https:\\\/\\\/maas-farms.com\\\/careers\\\/#breadcrumb\"},\"inLanguage\":\"es\",\"potentialAction\":[{\"@type\":\"ReadAction\",\"target\":[\"https:\\\/\\\/maas-farms.com\\\/careers\\\/\"]}]},{\"@type\":\"ImageObject\",\"inLanguage\":\"es\",\"@id\":\"https:\\\/\\\/maas-farms.com\\\/careers\\\/#primaryimage\",\"url\":\"https:\\\/\\\/maas-farms.com\\\/farms2022\\\/wp-content\\\/uploads\\\/2022\\\/08\\\/Maas-Farms-image3_R9-1.jpg\",\"contentUrl\":\"https:\\\/\\\/maas-farms.com\\\/farms2022\\\/wp-content\\\/uploads\\\/2022\\\/08\\\/Maas-Farms-image3_R9-1.jpg\"},{\"@type\":\"BreadcrumbList\",\"@id\":\"https:\\\/\\\/maas-farms.com\\\/careers\\\/#breadcrumb\",\"itemListElement\":[{\"@type\":\"ListItem\",\"position\":1,\"name\":\"Portada\",\"item\":\"https:\\\/\\\/maas-farms.com\\\/\"},{\"@type\":\"ListItem\",\"position\":2,\"name\":\"Careers\"}]},{\"@type\":\"WebSite\",\"@id\":\"https:\\\/\\\/maas-farms.com\\\/#website\",\"url\":\"https:\\\/\\\/maas-farms.com\\\/\",\"name\":\"Maas Farms\",\"description\":\"Cucumbers &amp; Tomatoes\",\"publisher\":{\"@id\":\"https:\\\/\\\/maas-farms.com\\\/#organization\"},\"potentialAction\":[{\"@type\":\"SearchAction\",\"target\":{\"@type\":\"EntryPoint\",\"urlTemplate\":\"https:\\\/\\\/maas-farms.com\\\/?s={search_term_string}\"},\"query-input\":{\"@type\":\"PropertyValueSpecification\",\"valueRequired\":true,\"valueName\":\"search_term_string\"}}],\"inLanguage\":\"es\"},{\"@type\":\"Organization\",\"@id\":\"https:\\\/\\\/maas-farms.com\\\/#organization\",\"name\":\"Maas Farms\",\"url\":\"https:\\\/\\\/maas-farms.com\\\/\",\"logo\":{\"@type\":\"ImageObject\",\"inLanguage\":\"es\",\"@id\":\"https:\\\/\\\/maas-farms.com\\\/#\\\/schema\\\/logo\\\/image\\\/\",\"url\":\"https:\\\/\\\/maas-farms.com\\\/farms2022\\\/wp-content\\\/uploads\\\/2022\\\/07\\\/Maas-Farms-logo-2.png\",\"contentUrl\":\"https:\\\/\\\/maas-farms.com\\\/farms2022\\\/wp-content\\\/uploads\\\/2022\\\/07\\\/Maas-Farms-logo-2.png\",\"width\":275,\"height\":127,\"caption\":\"Maas Farms\"},\"image\":{\"@id\":\"https:\\\/\\\/maas-farms.com\\\/#\\\/schema\\\/logo\\\/image\\\/\"}}]}<\/script>\n<!-- \/ Yoast SEO plugin. -->","yoast_head_json":{"title":"Careers - Maas Farms","robots":{"index":"index","follow":"follow","max-snippet":"max-snippet:-1","max-image-preview":"max-image-preview:large","max-video-preview":"max-video-preview:-1"},"canonical":"https:\/\/maas-farms.com\/es\/careers\/","og_locale":"es_MX","og_type":"article","og_title":"Careers - Maas Farms","og_description":"Careers We provide the international market with specialized horticultural products meeting high quality standards, with sustainability and comprehensive development. Careers DEVELOP WITH MAAS After the vision of the Garc\u00eda brothers towards the agri-food sector, AGRICOLA MAAS has become a company made up of more than a thousand proactive people, with effort and dedication we have [&hellip;]","og_url":"https:\/\/maas-farms.com\/es\/careers\/","og_site_name":"Maas Farms","article_modified_time":"2022-08-06T00:15:04+00:00","og_image":[{"url":"https:\/\/maas-farms.com\/farms2022\/wp-content\/uploads\/2022\/08\/Maas-Farms-image3_R9-1.jpg","type":"","width":"","height":""}],"twitter_card":"summary_large_image","twitter_misc":{"Tiempo de lectura":"3 minutos"},"schema":{"@context":"https:\/\/schema.org","@graph":[{"@type":"WebPage","@id":"https:\/\/maas-farms.com\/careers\/","url":"https:\/\/maas-farms.com\/careers\/","name":"Careers - Maas Farms","isPartOf":{"@id":"https:\/\/maas-farms.com\/#website"},"primaryImageOfPage":{"@id":"https:\/\/maas-farms.com\/careers\/#primaryimage"},"image":{"@id":"https:\/\/maas-farms.com\/careers\/#primaryimage"},"thumbnailUrl":"https:\/\/maas-farms.com\/farms2022\/wp-content\/uploads\/2022\/08\/Maas-Farms-image3_R9-1.jpg","datePublished":"2022-07-26T17:28:32+00:00","dateModified":"2022-08-06T00:15:04+00:00","breadcrumb":{"@id":"https:\/\/maas-farms.com\/careers\/#breadcrumb"},"inLanguage":"es","potentialAction":[{"@type":"ReadAction","target":["https:\/\/maas-farms.com\/careers\/"]}]},{"@type":"ImageObject","inLanguage":"es","@id":"https:\/\/maas-farms.com\/careers\/#primaryimage","url":"https:\/\/maas-farms.com\/farms2022\/wp-content\/uploads\/2022\/08\/Maas-Farms-image3_R9-1.jpg","contentUrl":"https:\/\/maas-farms.com\/farms2022\/wp-content\/uploads\/2022\/08\/Maas-Farms-image3_R9-1.jpg"},{"@type":"BreadcrumbList","@id":"https:\/\/maas-farms.com\/careers\/#breadcrumb","itemListElement":[{"@type":"ListItem","position":1,"name":"Portada","item":"https:\/\/maas-farms.com\/"},{"@type":"ListItem","position":2,"name":"Careers"}]},{"@type":"WebSite","@id":"https:\/\/maas-farms.com\/#website","url":"https:\/\/maas-farms.com\/","name":"Maas Farms","description":"Cucumbers &amp; Tomatoes","publisher":{"@id":"https:\/\/maas-farms.com\/#organization"},"potentialAction":[{"@type":"SearchAction","target":{"@type":"EntryPoint","urlTemplate":"https:\/\/maas-farms.com\/?s={search_term_string}"},"query-input":{"@type":"PropertyValueSpecification","valueRequired":true,"valueName":"search_term_string"}}],"inLanguage":"es"},{"@type":"Organization","@id":"https:\/\/maas-farms.com\/#organization","name":"Maas Farms","url":"https:\/\/maas-farms.com\/","logo":{"@type":"ImageObject","inLanguage":"es","@id":"https:\/\/maas-farms.com\/#\/schema\/logo\/image\/","url":"https:\/\/maas-farms.com\/farms2022\/wp-content\/uploads\/2022\/07\/Maas-Farms-logo-2.png","contentUrl":"https:\/\/maas-farms.com\/farms2022\/wp-content\/uploads\/2022\/07\/Maas-Farms-logo-2.png","width":275,"height":127,"caption":"Maas Farms"},"image":{"@id":"https:\/\/maas-farms.com\/#\/schema\/logo\/image\/"}}]}},"_links":{"self":[{"href":"https:\/\/maas-farms.com\/es\/wp-json\/wp\/v2\/pages\/1648","targetHints":{"allow":["GET"]}}],"collection":[{"href":"https:\/\/maas-farms.com\/es\/wp-json\/wp\/v2\/pages"}],"about":[{"href":"https:\/\/maas-farms.com\/es\/wp-json\/wp\/v2\/types\/page"}],"author":[{"embeddable":true,"href":"https:\/\/maas-farms.com\/es\/wp-json\/wp\/v2\/users\/1"}],"replies":[{"embeddable":true,"href":"https:\/\/maas-farms.com\/es\/wp-json\/wp\/v2\/comments?post=1648"}],"version-history":[{"count":25,"href":"https:\/\/maas-farms.com\/es\/wp-json\/wp\/v2\/pages\/1648\/revisions"}],"predecessor-version":[{"id":2448,"href":"https:\/\/maas-farms.com\/es\/wp-json\/wp\/v2\/pages\/1648\/revisions\/2448"}],"wp:attachment":[{"href":"https:\/\/maas-farms.com\/es\/wp-json\/wp\/v2\/media?parent=1648"}],"curies":[{"name":"wp","href":"https:\/\/api.w.org\/{rel}","templated":true}]}}